{"id":522,"date":"2021-07-26T12:07:50","date_gmt":"2021-07-26T12:07:50","guid":{"rendered":"http:\/\/360logisticsservices.com\/?page_id=522"},"modified":"2024-01-31T19:46:48","modified_gmt":"2024-01-31T18:46:48","slug":"sostenibilidad","status":"publish","type":"page","link":"https:\/\/360logisticsservices.com\/?page_id=522","title":{"rendered":"Sostenibilidad"},"content":{"rendered":"\t\t<div data-elementor-type=\"wp-page\" data-elementor-id=\"522\" class=\"elementor elementor-522\" data-elementor-settings=\"{&quot;ha_cmc_init_switcher&quot;:&quot;no&quot;}\">\n\t\t\t\t\t\t<section data-particle_enable=\"false\" data-particle-mobile-disabled=\"false\" class=\"elementor-section elementor-top-section elementor-element elementor-element-eb6b543 elementor-section-content-middle elementor-section-height-min-height elementor-section-boxed elementor-section-height-default elementor-section-items-middle\" data-id=\"eb6b543\" data-element_type=\"section\" data-settings=\"{&quot;background_background&quot;:&quot;classic&quot;,&quot;_ha_eqh_enable&quot;:false}\">\n\t\t\t\t\t\t\t<div class=\"elementor-background-overlay\"><\/div>\n\t\t\t\t\t\t\t<div class=\"elementor-container elementor-column-gap-default\">\n\t\t\t\t\t<div class=\"elementor-column elementor-col-50 elementor-top-column elementor-element elementor-element-bbc3dfa\" data-id=\"bbc3dfa\" data-element_type=\"column\">\n\t\t\t<div class=\"elementor-widget-wrap elementor-element-populated\">\n\t\t\t\t\t\t<div class=\"elementor-element elementor-element-bdb943d premium-header-block animated-slow premium-lq__none premium-box-lq__none elementor-invisible elementor-widget elementor-widget-premium-addon-dual-header\" data-id=\"bdb943d\" data-element_type=\"widget\" data-settings=\"{&quot;_animation&quot;:&quot;fadeInUp&quot;}\" data-widget_type=\"premium-addon-dual-header.default\">\n\t\t\t\t<div class=\"elementor-widget-container\">\n\t\t\t\n\t\t<div class=\"elementor-widget-container\">\n\t\t<div class=\"premium-dual-header-wrapper\">\n\t\t\t\t<a href=\"https:\/\/360logisticsservices.com\/quienes-somos\/\">\n\t\t\t\t\t<h2 class=\"premium-dual-header-first-header \"><span class=\"premium-dual-header-first-span\">360 LOGISTICS SERVICES <\/span><span class=\"premium-dual-header-second-header \">SOSTENIBILIDAD<\/span><\/h2> \t\t\t\t<\/a>\n\t\t\t\t\t\t<\/div>\n\t\t<\/div>\n\n\t\t\t\t<\/div>\n\t\t\t\t<\/div>\n\t\t\t\t<div class=\"elementor-element elementor-element-3f953c7 animated-slow elementor-invisible elementor-widget elementor-widget-text-editor\" data-id=\"3f953c7\" data-element_type=\"widget\" data-settings=\"{&quot;_animation&quot;:&quot;fadeInUp&quot;}\" data-widget_type=\"text-editor.default\">\n\t\t\t\t<div class=\"elementor-widget-container\">\n\t\t\t\t\t\t\t<p>En GRUPO 360 CONSULTING PEOPLE, Creemos firmemente en la Responsabilidad Social Corporativa como una forma de generar el futuro del negocio que queremos.\u00a0<\/p><p>Nuestro mayor valor son las personas que forman nuestro equipo. Mejorando las condiciones de trabajo y de la calidad de vida de nuestro equipo, creando procesos participativos y de comunicaci\u00f3n horizontales.<\/p><p>Fomentando medidas encaminadas a la promoci\u00f3n de un mejor clima laboral, que repercuta en el bienestar social, la productividad y la competitividad de nuestra compa\u00f1\u00eda.<\/p>\t\t\t\t\t\t<\/div>\n\t\t\t\t<\/div>\n\t\t\t\t\t<\/div>\n\t\t<\/div>\n\t\t\t\t<div class=\"elementor-column elementor-col-50 elementor-top-column elementor-element elementor-element-444073e elementor-hidden-phone\" data-id=\"444073e\" data-element_type=\"column\">\n\t\t\t<div class=\"elementor-widget-wrap\">\n\t\t\t\t\t\t\t<\/div>\n\t\t<\/div>\n\t\t\t\t\t<\/div>\n\t\t<\/section>\n\t\t\t\t<section data-particle_enable=\"false\" data-particle-mobile-disabled=\"false\" class=\"elementor-section elementor-top-section elementor-element elementor-element-5524cc6 elementor-section-content-middle elementor-section-boxed elementor-section-height-default elementor-section-height-default\" data-id=\"5524cc6\" data-element_type=\"section\" data-settings=\"{&quot;_ha_eqh_enable&quot;:false}\">\n\t\t\t\t\t\t<div class=\"elementor-container elementor-column-gap-narrow\">\n\t\t\t\t\t<div class=\"elementor-column elementor-col-33 elementor-top-column elementor-element elementor-element-599191e\" data-id=\"599191e\" data-element_type=\"column\">\n\t\t\t<div class=\"elementor-widget-wrap elementor-element-populated\">\n\t\t\t\t\t\t<div class=\"elementor-element elementor-element-e9fd3dc ha-css-transform-yes elementor-invisible elementor-widget elementor-widget-heading\" data-id=\"e9fd3dc\" data-element_type=\"widget\" data-settings=\"{&quot;_animation&quot;:&quot;fadeInUp&quot;}\" data-widget_type=\"heading.default\">\n\t\t\t\t<div class=\"elementor-widget-container\">\n\t\t\t<h3 class=\"elementor-heading-title elementor-size-default\">SOSTENIBILIDAD<\/h3>\t\t<\/div>\n\t\t\t\t<\/div>\n\t\t\t\t<div class=\"elementor-element elementor-element-9412404 elementor-invisible elementor-widget elementor-widget-heading\" data-id=\"9412404\" data-element_type=\"widget\" data-settings=\"{&quot;_animation&quot;:&quot;fadeInUp&quot;}\" data-widget_type=\"heading.default\">\n\t\t\t\t<div class=\"elementor-widget-container\">\n\t\t\t<h3 class=\"elementor-heading-title elementor-size-default\"><b>AYUDAR A LA SOSTENIBILIDAD Y A LAS PERSONAS<\/b><\/h3>\t\t<\/div>\n\t\t\t\t<\/div>\n\t\t\t\t<div class=\"elementor-element elementor-element-fad30d0 elementor-widget-divider--view-line elementor-invisible elementor-widget elementor-widget-divider\" data-id=\"fad30d0\" data-element_type=\"widget\" data-settings=\"{&quot;_animation&quot;:&quot;fadeInUp&quot;}\" data-widget_type=\"divider.default\">\n\t\t\t\t<div class=\"elementor-widget-container\">\n\t\t\t\t\t<div class=\"elementor-divider\">\n\t\t\t<span class=\"elementor-divider-separator\">\n\t\t\t\t\t\t<\/span>\n\t\t<\/div>\n\t\t\t\t<\/div>\n\t\t\t\t<\/div>\n\t\t\t\t<div class=\"elementor-element elementor-element-bd05e7a elementor-invisible elementor-widget elementor-widget-text-editor\" data-id=\"bd05e7a\" data-element_type=\"widget\" data-settings=\"{&quot;_animation&quot;:&quot;fadeInUp&quot;}\" data-widget_type=\"text-editor.default\">\n\t\t\t\t<div class=\"elementor-widget-container\">\n\t\t\t\t\t\t\t<p>En GRUPO 360 CONSULTING PEOPLE, estamos comprometidos apostando d\u00eda a d\u00eda \u00a0por un futuro mejor para todos, pero sobre todo con aquellos que son m\u00e1s indefensos.<\/p><p>Por ello a trav\u00e9s de colaboraciones sociales como por ejemplo con : <strong><a href=\"https:\/\/www.fundacionanavaldivia.org\/\" target=\"_blank\" rel=\"noopener\">fundaci\u00f3n Ana Valdivia<\/a><\/strong>; donde ayudan a crear oportunidades y mejorar el entorno y la vida de ni\u00f1@s con par\u00e1lisis cerebral as\u00ed como la de sus familias,<\/p><p>Porque todas necesitan apoyo emocional, decidimos destinar parte de nuestros beneficios tanta a la ayuda de peque\u00f1as asociaciones an\u00f3nimas como introducir un \u00a0servicios de ayuda profesional psicol\u00f3gica para nuestros empleados y clientes, ya que cualquier situaci\u00f3n necesita ser comprendida.<\/p><p>Para que todos tengamos la oportunidad de mejorar ya que uno de los valores de nuestra empresa es la ayudar y mejora del entorno, \u00a0apoyando tanto a ellos como a sus familiares.<\/p>\t\t\t\t\t\t<\/div>\n\t\t\t\t<\/div>\n\t\t\t\t\t<\/div>\n\t\t<\/div>\n\t\t\t\t<div class=\"elementor-column elementor-col-66 elementor-top-column elementor-element elementor-element-217556b\" data-id=\"217556b\" data-element_type=\"column\">\n\t\t\t<div class=\"elementor-widget-wrap elementor-element-populated\">\n\t\t\t\t\t\t<div class=\"elementor-element elementor-element-e791d40 elementor-invisible elementor-widget elementor-widget-image\" data-id=\"e791d40\" data-element_type=\"widget\" data-settings=\"{&quot;_animation&quot;:&quot;fadeInUp&quot;}\" data-widget_type=\"image.default\">\n\t\t\t\t<div class=\"elementor-widget-container\">\n\t\t\t\t\t\t\t\t\t\t\t\t\t<img fetchpriority=\"high\" decoding=\"async\" width=\"772\" height=\"1080\" src=\"https:\/\/360logisticsservices.com\/wp-content\/uploads\/2021\/11\/ninos.jpg\" class=\"attachment-full size-full wp-image-4194\" alt=\"Sostenibilidad | Nachhaltigkeit | Sustainability\" srcset=\"https:\/\/360logisticsservices.com\/wp-content\/uploads\/2021\/11\/ninos.jpg 772w, https:\/\/360logisticsservices.com\/wp-content\/uploads\/2021\/11\/ninos-214x300.jpg 214w, https:\/\/360logisticsservices.com\/wp-content\/uploads\/2021\/11\/ninos-732x1024.jpg 732w, https:\/\/360logisticsservices.com\/wp-content\/uploads\/2021\/11\/ninos-768x1074.jpg 768w\" sizes=\"(max-width: 772px) 100vw, 772px\" \/>\t\t\t\t\t\t\t\t\t\t\t\t\t<\/div>\n\t\t\t\t<\/div>\n\t\t\t\t\t<\/div>\n\t\t<\/div>\n\t\t\t\t\t<\/div>\n\t\t<\/section>\n\t\t\t\t<section data-particle_enable=\"false\" data-particle-mobile-disabled=\"false\" class=\"elementor-section elementor-top-section elementor-element elementor-element-2da780f elementor-section-full_width elementor-section-height-default elementor-section-height-default\" data-id=\"2da780f\" data-element_type=\"section\" data-settings=\"{&quot;background_background&quot;:&quot;classic&quot;,&quot;_ha_eqh_enable&quot;:false}\">\n\t\t\t\t\t\t\t<div class=\"elementor-background-overlay\"><\/div>\n\t\t\t\t\t\t\t<div class=\"elementor-container elementor-column-gap-no\">\n\t\t\t\t\t<div class=\"elementor-column elementor-col-50 elementor-top-column elementor-element elementor-element-1d33100 elementor-hidden-phone\" data-id=\"1d33100\" data-element_type=\"column\">\n\t\t\t<div class=\"elementor-widget-wrap\">\n\t\t\t\t\t\t\t<\/div>\n\t\t<\/div>\n\t\t\t\t<div class=\"elementor-column elementor-col-50 elementor-top-column elementor-element elementor-element-85f85d6\" data-id=\"85f85d6\" data-element_type=\"column\" data-settings=\"{&quot;background_background&quot;:&quot;classic&quot;,&quot;background_motion_fx_motion_fx_scrolling&quot;:&quot;yes&quot;,&quot;background_motion_fx_opacity_effect&quot;:&quot;yes&quot;,&quot;background_motion_fx_opacity_level&quot;:{&quot;unit&quot;:&quot;px&quot;,&quot;size&quot;:1,&quot;sizes&quot;:[]},&quot;background_motion_fx_blur_effect&quot;:&quot;yes&quot;,&quot;background_motion_fx_blur_direction&quot;:&quot;in-out-in&quot;,&quot;background_motion_fx_blur_range&quot;:{&quot;unit&quot;:&quot;%&quot;,&quot;size&quot;:&quot;&quot;,&quot;sizes&quot;:{&quot;start&quot;:0,&quot;end&quot;:100}},&quot;motion_fx_motion_fx_scrolling&quot;:&quot;yes&quot;,&quot;background_motion_fx_opacity_direction&quot;:&quot;out-in&quot;,&quot;background_motion_fx_opacity_range&quot;:{&quot;unit&quot;:&quot;%&quot;,&quot;size&quot;:&quot;&quot;,&quot;sizes&quot;:{&quot;start&quot;:20,&quot;end&quot;:80}},&quot;background_motion_fx_blur_level&quot;:{&quot;unit&quot;:&quot;px&quot;,&quot;size&quot;:7,&quot;sizes&quot;:[]},&quot;background_motion_fx_devices&quot;:[&quot;desktop&quot;,&quot;tablet&quot;,&quot;mobile&quot;],&quot;motion_fx_devices&quot;:[&quot;desktop&quot;,&quot;tablet&quot;,&quot;mobile&quot;]}\">\n\t\t\t<div class=\"elementor-widget-wrap elementor-element-populated\">\n\t\t\t\t\t\t<div class=\"elementor-element elementor-element-c5da2ab elementor-invisible elementor-widget elementor-widget-text-editor\" data-id=\"c5da2ab\" data-element_type=\"widget\" data-settings=\"{&quot;_animation&quot;:&quot;fadeInUp&quot;}\" data-widget_type=\"text-editor.default\">\n\t\t\t\t<div class=\"elementor-widget-container\">\n\t\t\t\t\t\t\t<p>COMPROMETIDOS<\/p>\t\t\t\t\t\t<\/div>\n\t\t\t\t<\/div>\n\t\t\t\t<div class=\"elementor-element elementor-element-21a250c elementor-invisible elementor-widget elementor-widget-heading\" data-id=\"21a250c\" data-element_type=\"widget\" data-settings=\"{&quot;_animation&quot;:&quot;fadeInUp&quot;}\" data-widget_type=\"heading.default\">\n\t\t\t\t<div class=\"elementor-widget-container\">\n\t\t\t<h3 class=\"elementor-heading-title elementor-size-default\">APOYO AL <br><b> COMERCIO LOCAL\n<\/b><\/h3>\t\t<\/div>\n\t\t\t\t<\/div>\n\t\t\t\t<div class=\"elementor-element elementor-element-3485fda animated-slow elementor-widget-divider--view-line elementor-invisible elementor-widget elementor-widget-divider\" data-id=\"3485fda\" data-element_type=\"widget\" data-settings=\"{&quot;_animation&quot;:&quot;fadeInUp&quot;}\" data-widget_type=\"divider.default\">\n\t\t\t\t<div class=\"elementor-widget-container\">\n\t\t\t\t\t<div class=\"elementor-divider\">\n\t\t\t<span class=\"elementor-divider-separator\">\n\t\t\t\t\t\t<\/span>\n\t\t<\/div>\n\t\t\t\t<\/div>\n\t\t\t\t<\/div>\n\t\t\t\t<div class=\"elementor-element elementor-element-df99d59 animated-slow elementor-invisible elementor-widget elementor-widget-text-editor\" data-id=\"df99d59\" data-element_type=\"widget\" data-settings=\"{&quot;_animation&quot;:&quot;fadeInUp&quot;}\" data-widget_type=\"text-editor.default\">\n\t\t\t\t<div class=\"elementor-widget-container\">\n\t\t\t\t\t\t\t<p>Desde GRUPO 360 COSNSULTING PEOPLE, y a trav\u00e9s de las distintas arterias de negocio de la compa\u00f1\u00eda, creamos proyectos para <a style=\"color: #fff;\" href=\"https:\/\/www.facebook.com\/groups\/1011306892738301\" target=\"_blank\" rel=\"noopener\">ayudar a los comerciantes locales de nuestra zona<\/a>.<\/p><p>Nuestra visi\u00f3n es conseguir que todos estos locales tengan mayor visibilidad y puedan sentir en nosotros la ayuda que tanto necesitan.<\/p>\t\t\t\t\t\t<\/div>\n\t\t\t\t<\/div>\n\t\t\t\t\t<\/div>\n\t\t<\/div>\n\t\t\t\t\t<\/div>\n\t\t<\/section>\n\t\t\t\t<\/div>\n\t\t","protected":false},"excerpt":{"rendered":"<p>360 LOGISTICS SERVICES SOSTENIBILIDAD En GRUPO 360 CONSULTING PEOPLE, Creemos firmemente en la Responsabilidad Social Corporativa como una forma de generar el futuro del negocio que queremos.\u00a0 Nuestro mayor valor son las personas que forman nuestro equipo. Mejorando las condiciones de trabajo y de la calidad de vida de nuestro equipo, creando procesos participativos y [&hellip;]<\/p>\n","protected":false},"author":2,"featured_media":0,"parent":0,"menu_order":0,"comment_status":"closed","ping_status":"closed","template":"elementor_header_footer","meta":{"footnotes":""},"class_list":["post-522","page","type-page","status-publish","hentry"],"lang":"es","translations":{"de":4741,"es":522,"en":5097},"pll_sync_post":[],"_links":{"self":[{"href":"https:\/\/360logisticsservices.com\/index.php?rest_route=\/wp\/v2\/pages\/522","targetHints":{"allow":["GET"]}}],"collection":[{"href":"https:\/\/360logisticsservices.com\/index.php?rest_route=\/wp\/v2\/pages"}],"about":[{"href":"https:\/\/360logisticsservices.com\/index.php?rest_route=\/wp\/v2\/types\/page"}],"author":[{"embeddable":true,"href":"https:\/\/360logisticsservices.com\/index.php?rest_route=\/wp\/v2\/users\/2"}],"replies":[{"embeddable":true,"href":"https:\/\/360logisticsservices.com\/index.php?rest_route=%2Fwp%2Fv2%2Fcomments&post=522"}],"version-history":[{"count":68,"href":"https:\/\/360logisticsservices.com\/index.php?rest_route=\/wp\/v2\/pages\/522\/revisions"}],"predecessor-version":[{"id":5603,"href":"https:\/\/360logisticsservices.com\/index.php?rest_route=\/wp\/v2\/pages\/522\/revisions\/5603"}],"wp:attachment":[{"href":"https:\/\/360logisticsservices.com\/index.php?rest_route=%2Fwp%2Fv2%2Fmedia&parent=522"}],"curies":[{"name":"wp","href":"https:\/\/api.w.org\/{rel}","templated":true}]}}