{"id":4859,"date":"2022-02-08T12:51:51","date_gmt":"2022-02-08T12:51:51","guid":{"rendered":"https:\/\/360logisticsservices.com\/?page_id=4859"},"modified":"2022-02-08T12:52:38","modified_gmt":"2022-02-08T12:52:38","slug":"politica-de-cookies-aleman","status":"publish","type":"page","link":"https:\/\/360logisticsservices.com\/?page_id=4859&lang=de","title":{"rendered":"Pol\u00edtica de cookies aleman"},"content":{"rendered":"\t\t<div data-elementor-type=\"wp-page\" data-elementor-id=\"4859\" class=\"elementor elementor-4859\" data-elementor-settings=\"{&quot;ha_cmc_init_switcher&quot;:&quot;no&quot;}\">\n\t\t\t\t\t\t<section data-particle_enable=\"false\" data-particle-mobile-disabled=\"false\" class=\"elementor-section elementor-top-section elementor-element elementor-element-25365a8 elementor-reverse-tablet elementor-reverse-mobile elementor-section-full_width elementor-section-height-default elementor-section-height-default\" data-id=\"25365a8\" data-element_type=\"section\" data-settings=\"{&quot;background_background&quot;:&quot;classic&quot;,&quot;_ha_eqh_enable&quot;:false}\">\n\t\t\t\t\t\t\t<div class=\"elementor-background-overlay\"><\/div>\n\t\t\t\t\t\t\t<div class=\"elementor-container elementor-column-gap-default\">\n\t\t\t\t\t<div class=\"elementor-column elementor-col-100 elementor-top-column elementor-element elementor-element-e4d3558\" data-id=\"e4d3558\" data-element_type=\"column\">\n\t\t\t<div class=\"elementor-widget-wrap elementor-element-populated\">\n\t\t\t\t\t\t<div class=\"elementor-element elementor-element-4dd81f1 elementor-widget elementor-widget-heading\" data-id=\"4dd81f1\" data-element_type=\"widget\" data-widget_type=\"heading.default\">\n\t\t\t\t<div class=\"elementor-widget-container\">\n\t\t\t<h1 class=\"elementor-heading-title elementor-size-default\">DEFINITION UND FUNKTION VON COOKIES<\/h1>\t\t<\/div>\n\t\t\t\t<\/div>\n\t\t\t\t\t<\/div>\n\t\t<\/div>\n\t\t\t\t\t<\/div>\n\t\t<\/section>\n\t\t\t\t<section data-particle_enable=\"false\" data-particle-mobile-disabled=\"false\" class=\"elementor-section elementor-top-section elementor-element elementor-element-5d46280 elementor-section-boxed elementor-section-height-default elementor-section-height-default\" data-id=\"5d46280\" data-element_type=\"section\" data-settings=\"{&quot;_ha_eqh_enable&quot;:false}\">\n\t\t\t\t\t\t<div class=\"elementor-container elementor-column-gap-default\">\n\t\t\t\t\t<div class=\"elementor-column elementor-col-100 elementor-top-column elementor-element elementor-element-b517c6d\" data-id=\"b517c6d\" data-element_type=\"column\">\n\t\t\t<div class=\"elementor-widget-wrap elementor-element-populated\">\n\t\t\t\t\t\t<div class=\"elementor-element elementor-element-4d7e29d elementor-widget elementor-widget-text-editor\" data-id=\"4d7e29d\" data-element_type=\"widget\" data-widget_type=\"text-editor.default\">\n\t\t\t\t<div class=\"elementor-widget-container\">\n\t\t\t\t\t\t\t<h3><strong>DEFINITION UND FUNKTION VON COOKIES<\/strong><\/h3><p>Ein Cookie ist eine Datei, die beim Zugriff auf bestimmte Webseiten auf den Computer oder das Handy des Webseitennutzers heruntergeladen wird. Cookies erm\u00f6glichen es einer Webseite unter anderem, Information \u00fcber die Navigationsgewohnheiten des Nutzers und \u00fcber dessen Endger\u00e4t einzuholen und zu speichern. Je nach den Daten, die ein Cookie enth\u00e4lt und je nach der Art, in der diese Information zum Einsatz kommt, kann das Cookie dazu verwendet werden, den Nutzer wiederzuerkennen.\u00a0<\/p><p>Auf dieser Website kommen, wie auch in den meisten anderen Websites im Internet, Cookies zum Einsatz, die dazu dienen, das Navigationserlebnis des Nutzers zu verbessern und den Webseitenbetrieb zu optimieren. Im Folgenden finden Sie genauere Information \u00fcber die Arten von Cookies, die auf dieser Website verwendet werden und dar\u00fcber, wie Sie diese Cookies in Ihrem Browser deaktivieren, bzw. die Installation von Third Party Cookies verhindern k\u00f6nnen.\u00a0<\/p><p>ARTEN VON COOKIES, DIE AUF DIESER WEBSITE VERWENDET WERDEN UND ZU WELCHEN ZWECKEN SIE DIENEN \u00a0\u00a0<\/p><p>Funktionscookies. Diese Cookies erm\u00f6glichen die Navigation durch die Website und die Nutzung verschiedener Optionen und Dienste, die auf der Website angeboten werden. Sie dienen auch zur Verbesserung des Navigationserlebnisses des Nutzers und zur Optimierung der Funktion unserer Website. Sie speichern bestimmte Website-Einstellungen, damit der Nutzer diese bei seinem n\u00e4chsten Besuch nicht erneut vornehmen muss.\u00a0\u00a0<\/p><p>Analysecookies. Diese Cookies werden dazu verwendet, Information \u00fcber die Nutzung unserer Website durch die Besucher einzuholen. Wir nutzen diese Information zur Erstellung von Berichten, die dazu dienen sollen, den Webseitenbetrieb zu verbessern. Solche Cookies enthalten jedoch nur Daten, die in anonymer Form mit einem bestimmten Nutzer und seinem Computer oder Mobiltelefon assoziiert werden k\u00f6nnen. Sie liefern keine Hinweise auf die personenbezogenen Daten des jeweiligen Nutzers. Analysecookies sammeln Daten zur Besucheranzahl, die auf der Website zu verzeichnen ist, zur Dauer der Besuche, zu den benutzten Browsern, zur Art der verwendeten Endger\u00e4te, zum Herkunftsort der Nutzer und zu den besuchten Seiten.\u00a0<\/p><p>Dank der Verwendung von Cookies sind wir in der Lage, Information im Zusammenhang mit der Navigation des Nutzers und den von uns angebotenen Diensten, an denen der Nutzer Interesse gezeigt hat, zu sammeln.\u00a0<\/p><p>Cookies k\u00f6nnen dauerhaft oder nur vor\u00fcbergehend (Sitzungscookies) gespeichert werden. Dauerhafte Cookies bleiben jedoch nur f\u00fcr einen Zeitraum von h\u00f6chstens 24 Monaten in Ihrem Endger\u00e4t gespeichert.\u00a0<\/p><p>Wir verwenden sowohl eigene als auch Third Party Cookies, um aggregierte statistische Daten \u00fcber die w\u00e4hrend der Nutzung unserer Website eingeholten Informationen zu sammeln.\u00a0<\/p><p>COOKIEVERARBEITUNG<\/p><p>Die \u00fcber den Einsatz von Cookies erlangten Daten werden von 360 CONSULTING PEOPLE S.L. verarbeitet.<\/p><p>WAS GESCHIEHT, WENN DIE COOKIES DEAKTIVIERT WERDEN? \u00a0\u00a0<\/p><p>Sie haben jederzeit die M\u00f6glichkeit, die Cookie-Einstellungen in Ihrem Browser beliebig abzu\u00e4ndern und\/oder die Installation von Cookies ganz zu unterbinden. Eine vollst\u00e4ndige Deaktivierung der Cookies kann jedoch einige der Funktionen ausschalten und den Zugriff auf bestimmte Inhalte einschr\u00e4nken. Die Qualit\u00e4t der Webseitenfunktionen kann durch die Deaktivierung der Cookies beeintr\u00e4chtigt werden.\u00a0<\/p><p>WIE K\u00d6NNEN COOKIES DEAKTIVIERT UND GEL\u00d6SCHT WERDEN?\u00a0<\/p><p>Sie k\u00f6nnen herausfinden, welche Cookies zum Einsatz kommen und diese zulassen, blockieren oder l\u00f6schen, indem Sie die entsprechenden Einstellungen in Ihrem Browser vornehmen.\u00a0<\/p><p>Information dar\u00fcber, wie diese Einstellungen in den folgenden Browsern vorgenommen werden k\u00f6nnen, finden Sie auf den Supportseiten derselben:\u00a0<\/p><p>Internet Explorer: Microsoft Privatsph\u00e4re<\/p><p>Safari: Apple Support Privatsph\u00e4re<\/p><p>Google Chrome: Google Support<\/p><p>Google: Google Privatsph\u00e4re<\/p><p>Firefox: Microsoft Support<\/p><p>Opera: Opera Cookies \u00a0<\/p><p>Android (Google): Google Datenschutz<\/p><p>Windows Phone (Microsoft): Microsoft Datenschutz<\/p><p>Blackberry: Blackberry Datenschutz<\/p><p>Sie k\u00f6nnen die in Ihrem Computer oder Handy gespeicherten Cookies ganz einfach wieder \u00fcber die Einstellungen in Ihrem Browser l\u00f6schen. Anweisungen zum L\u00f6schen und zur Verwaltung der Cookies finden Sie in der Hilfefunktion Ihres Browsers. Sie k\u00f6nnen die Cookies deaktivieren oder Ihren Browser so einstellen, dass Sie jedes Mal, wenn ein neues Cookies an Ihr Endger\u00e4t gesendet wird, eine Nachricht empfangen.\u00a0\u00a0\u00a0<\/p><p>Dar\u00fcber hinaus sind verschiedene Softwareanwendungen online verf\u00fcgbar, mit denen die auf jeder Website verwendeten Cookies festgestellt und deaktiviert werden k\u00f6nnen, wie z.B. die folgende:<\/p><p>Ghostery: Gosthery, Privatsph\u00e4re<\/p><p>AKTUALISIERUNG UNSERER COOKIE-BESTIMMUNGEN\u00a0<\/p><p>Wir behalten uns das Recht vor, unsere auf dieser Website beschriebenen Cookie-Bestimmungen jederzeit abzu\u00e4ndern. Aus diesem Grunde empfehlen wir Ihnen, sich diese Bestimmungen bei jedem Zugriff auf unsere Website erneut durchzulesen, um sich \u00fcber die von uns verwendeten Cookies und die damit eingeholten Informationen, sowie \u00fcber die Zwecke, zu denen diese genutzt werden, auf dem Laufenden zu halten. Bedenken Sie, dass auch Ihr Browser die diesbez\u00fcglich geltenden Bestimmungen und die Stelle, an der Information dar\u00fcber zu finden ist, \u00e4ndern k\u00f6nnte.\u00a0<\/p><p>Unsere Cookie-Bestimmungen wurden zuletzt am 21. JULI 2021 aktualisiert.\u00a0<\/p>\t\t\t\t\t\t<\/div>\n\t\t\t\t<\/div>\n\t\t\t\t\t<\/div>\n\t\t<\/div>\n\t\t\t\t\t<\/div>\n\t\t<\/section>\n\t\t\t\t<\/div>\n\t\t","protected":false},"excerpt":{"rendered":"<p>DEFINITION UND FUNKTION VON COOKIES DEFINITION UND FUNKTION VON COOKIES Ein Cookie ist eine Datei, die beim Zugriff auf bestimmte Webseiten auf den Computer oder das Handy des Webseitennutzers heruntergeladen wird. Cookies erm\u00f6glichen es einer Webseite unter anderem, Information \u00fcber die Navigationsgewohnheiten des Nutzers und \u00fcber dessen Endger\u00e4t einzuholen und zu speichern. Je nach den [&hellip;]<\/p>\n","protected":false},"author":4,"featured_media":0,"parent":0,"menu_order":0,"comment_status":"closed","ping_status":"closed","template":"elementor_header_footer","meta":{"footnotes":""},"class_list":["post-4859","page","type-page","status-publish","hentry"],"lang":"de","translations":{"de":4859,"es":3,"en":5215},"pll_sync_post":[],"_links":{"self":[{"href":"https:\/\/360logisticsservices.com\/index.php?rest_route=\/wp\/v2\/pages\/4859","targetHints":{"allow":["GET"]}}],"collection":[{"href":"https:\/\/360logisticsservices.com\/index.php?rest_route=\/wp\/v2\/pages"}],"about":[{"href":"https:\/\/360logisticsservices.com\/index.php?rest_route=\/wp\/v2\/types\/page"}],"author":[{"embeddable":true,"href":"https:\/\/360logisticsservices.com\/index.php?rest_route=\/wp\/v2\/users\/4"}],"replies":[{"embeddable":true,"href":"https:\/\/360logisticsservices.com\/index.php?rest_route=%2Fwp%2Fv2%2Fcomments&post=4859"}],"version-history":[{"count":7,"href":"https:\/\/360logisticsservices.com\/index.php?rest_route=\/wp\/v2\/pages\/4859\/revisions"}],"predecessor-version":[{"id":4866,"href":"https:\/\/360logisticsservices.com\/index.php?rest_route=\/wp\/v2\/pages\/4859\/revisions\/4866"}],"wp:attachment":[{"href":"https:\/\/360logisticsservices.com\/index.php?rest_route=%2Fwp%2Fv2%2Fmedia&parent=4859"}],"curies":[{"name":"wp","href":"https:\/\/api.w.org\/{rel}","templated":true}]}}