{"id":4854,"date":"2022-02-08T12:50:25","date_gmt":"2022-02-08T12:50:25","guid":{"rendered":"https:\/\/360logisticsservices.com\/?page_id=4854"},"modified":"2022-02-08T12:51:20","modified_gmt":"2022-02-08T12:51:20","slug":"politica-de-privacidad-aleman","status":"publish","type":"page","link":"https:\/\/360logisticsservices.com\/?page_id=4854&lang=de","title":{"rendered":"Pol\u00edtica de privacidad aleman"},"content":{"rendered":"\t\t<div data-elementor-type=\"wp-page\" data-elementor-id=\"4854\" class=\"elementor elementor-4854\" data-elementor-settings=\"{&quot;ha_cmc_init_switcher&quot;:&quot;no&quot;}\">\n\t\t\t\t\t\t<section data-particle_enable=\"false\" data-particle-mobile-disabled=\"false\" class=\"elementor-section elementor-top-section elementor-element elementor-element-2a338e0 elementor-reverse-tablet elementor-reverse-mobile elementor-section-full_width elementor-section-height-default elementor-section-height-default\" data-id=\"2a338e0\" data-element_type=\"section\" data-settings=\"{&quot;background_background&quot;:&quot;classic&quot;,&quot;_ha_eqh_enable&quot;:false}\">\n\t\t\t\t\t\t\t<div class=\"elementor-background-overlay\"><\/div>\n\t\t\t\t\t\t\t<div class=\"elementor-container elementor-column-gap-default\">\n\t\t\t\t\t<div class=\"elementor-column elementor-col-100 elementor-top-column elementor-element elementor-element-d2f09f1\" data-id=\"d2f09f1\" data-element_type=\"column\">\n\t\t\t<div class=\"elementor-widget-wrap elementor-element-populated\">\n\t\t\t\t\t\t<div class=\"elementor-element elementor-element-7359a31 elementor-widget elementor-widget-heading\" data-id=\"7359a31\" data-element_type=\"widget\" data-widget_type=\"heading.default\">\n\t\t\t\t<div class=\"elementor-widget-container\">\n\t\t\t<h1 class=\"elementor-heading-title elementor-size-default\">DATENSCHUTZERKL\u00c4RUNG<\/h1>\t\t<\/div>\n\t\t\t\t<\/div>\n\t\t\t\t\t<\/div>\n\t\t<\/div>\n\t\t\t\t\t<\/div>\n\t\t<\/section>\n\t\t\t\t<section data-particle_enable=\"false\" data-particle-mobile-disabled=\"false\" class=\"elementor-section elementor-top-section elementor-element elementor-element-faa12ed elementor-section-boxed elementor-section-height-default elementor-section-height-default\" data-id=\"faa12ed\" data-element_type=\"section\" data-settings=\"{&quot;_ha_eqh_enable&quot;:false}\">\n\t\t\t\t\t\t<div class=\"elementor-container elementor-column-gap-default\">\n\t\t\t\t\t<div class=\"elementor-column elementor-col-100 elementor-top-column elementor-element elementor-element-b278bc3\" data-id=\"b278bc3\" data-element_type=\"column\">\n\t\t\t<div class=\"elementor-widget-wrap elementor-element-populated\">\n\t\t\t\t\t\t<div class=\"elementor-element elementor-element-7d41486 elementor-widget elementor-widget-text-editor\" data-id=\"7d41486\" data-element_type=\"widget\" data-widget_type=\"text-editor.default\">\n\t\t\t\t<div class=\"elementor-widget-container\">\n\t\t\t\t\t\t\t<p>In Erf\u00fcllung der Bestimmungen in der VERORDNUNG (EU) 2016\/679 DES EUROP\u00c4ISCHEN PARLAMENTS UND DES RATES vom 27. April 2016 zum Schutz nat\u00fcrlicher Personen bei der Verarbeitung personenbezogener Daten und zum freien Datenverkehr sowie der Bestimmungen im spanischen Organgesetz 3\/2018 vom 5. Dezember \u00fcber den Schutz der personenbezogenen Daten und die Gew\u00e4hrleistung der digitalen Rechte setzen wir Sie davon in Kenntnis, dass Ihre \u00fcber unsere Website https:\/\/360consultingpeople.com\/ (im Folgenden als \u201edie Website\u201c bezeichnet) erhobenen personenbezogenen Daten unter den folgenden Bedingungen verarbeitet werden:\u00a0<\/p><p>\u00a0<\/p><p>F\u00fcr die Datenverarbeitung verantwortliche Stelle<\/p><p>Die \u00fcber diese Website gesammelten personenbezogenen Daten werden von der Firma 360 CONSULTING PEOPLE, S.L. verarbeitet, die ihren Sitz zum Zweck der Aus\u00fcbung der Rechte der betroffenen Person in CTRA. ALCALA \u2013 AJALVIR KM. 2.200, ALCAL\u00c1 DE HENARES (28806) MADRID, SPANIEN, hat. E-Mail: administracion@360consultingpeople.com<\/p><p>\u00a0<\/p><p>Datenverarbeitungszwecke<\/p><p>Ihre Daten werden zum Zweck der Zusendung von Information \u00fcber unsere Produkte und Dienstleistungen, die Sie \u00fcber die auf unserer Website verf\u00fcgbaren Formulare oder per E-Mail beantragt haben, verarbeitet.\u00a0<\/p><p>Ebenso werden sie gegebenenfalls zur Beantwortung und Bearbeitung Ihrer Anfragen, Kommentare und Anregungen verarbeitet.\u00a0<\/p><p>Die Datenverarbeitung erfolgt dar\u00fcber hinaus zur Bearbeitung Ihrer Teilnahme an gegenw\u00e4rtig oder zuk\u00fcnftig stattfindenden Personalauswahlverfahren, wenn Sie uns Ihre (in Ihrem Lebenslauf aufscheinenden) Daten zu diesem Zweck zugeschickt haben.\u00a0<\/p><p>Um Information \u00fcber die Nutzung dieser Website einzuholen, werden von uns Daten im Zusammenhang mit den besuchten Seiten, der Besucheranzahl, den von den Besuchern durchgef\u00fchrten Aktivit\u00e4ten und der H\u00e4ufigkeit der Nutzung analysiert. Das f\u00fcr die Datenverarbeitung VERANTWORTLICHE Unternehmen verwendet zu diesem Zweck statistische Daten, die ihm vom Internetserver zur Verf\u00fcgung gestellt werden. Diese Daten erm\u00f6glichen jedoch keine pers\u00f6nliche Identifizierung des betroffenen Nutzers.\u00a0<\/p><p>\u00a0<\/p><p>Legitimation<\/p><p>Die Zustimmung der betroffenen Person. Die \u00fcber die Webseitenformulare erlangten personenbezogenen Daten werden ausschlie\u00dflich auf der rechtlichen Grundlage der von der betroffenen Person durch Anklicken des entsprechenden K\u00e4stchens erteilten Zustimmung verarbeitet. Diese Zustimmung kann jedoch jederzeit wieder zur\u00fcckgezogen werden.\u00a0<\/p><p>Das legitime Interesse des f\u00fcr die Datenverarbeitung verantwortlichen Unternehmens. Die statistischen Daten, die \u00fcber die Nutzung der Website erlangt wurden, werden auf der Grundlage des Vorhandenseins eines legitimen Interesses des f\u00fcr die Datenverarbeitung verantwortlichen Unternehmens verarbeitet. Diese Daten erm\u00f6glichen jedoch keine pers\u00f6nliche Identifizierung des Nutzers.\u00a0<\/p><p>\u00a0<\/p><p>Datenempf\u00e4nger<\/p><p>Die \u00fcber diese Website eingeholten personenbezogenen Daten werden nicht an Dritte weitergegeben, sofern keine gesetzliche Verpflichtung dazu besteht.<\/p><p>\u00a0<\/p><p>Aufbewahrung<\/p><p>Die vom Nutzer ausgeh\u00e4ndigten personenbezogenen und zum Zweck der Zusendung von gesch\u00e4ftlichen Mitteilungen und Werbung verwendeten Daten werden so lange aufbewahrt, bis die betroffene Person die L\u00f6schung ihrer Daten beantragt oder Ihre Zustimmung zur Datenverarbeitung widerruft.\u00a0<\/p><p>Hat der Nutzer seine personenbezogenen Daten zum Zweck der Teilnahme an einem Personalauswahlverfahren des f\u00fcr die Datenverarbeitung VERANTWORTLICHEN Unternehmens ausgeh\u00e4ndigt, so werden seine Daten im Falle, dass er nicht ausgew\u00e4hlt wurde, f\u00fcr die Frist von zwei Jahren aufbewahrt, um die Teilnahme des Kandidaten an zuk\u00fcnftigen Auswahlverfahren zu erm\u00f6glichen.\u00a0<\/p><p>Hat der Nutzer seine Daten \u00fcber Anfragen oder Anregungen an das f\u00fcr die Datenverarbeitung VERANTWORTLICHE Unternehmen geschickt, so werden diese Daten f\u00fcr den zur Beantwortung notwendigen Zeitraum, bzw. f\u00fcr die sich aus der Datenverarbeitung ergebenden Haftungsfrist aufbewahrt.\u00a0<\/p><p>Statistische Daten im Zusammenhang mit dem Webseitenverkehr und dem Besuch der Website: Diese Daten werden f\u00fcr die Frist von drei Jahren aufbewahrt.\u00a0<\/p><p>\u00a0<\/p><p>Rechte<\/p><p>Die betroffene Person kann ihre Rechte auf den Zugriff auf ihre Daten, die Berichtigung, L\u00f6schung und Portabilit\u00e4t derselben, sowie auf die Einschr\u00e4nkung der Datenverarbeitung oder die Widersetzung gegen dieselbe aus\u00fcben, indem sie ein entsprechendes Schreiben in Begleitung einer Kopie eines offiziell g\u00fcltigen Ausweisdokuments an die Postadresse: CTRA. ALCALA \u2013 AJALVIR KM. 2.200, ALCAL\u00c1 DE HENARES (28806) MADRID, ESPA\u00d1A oder an die E-Mail-Adresse: <a href=\"mailto:administracion@360consultingpeople.com\">administracion@360consultingpeople.com<\/a> sendet. Sollte die betroffene Person mit der Art und Weise, in der ihre Daten verarbeitet wurden, nicht einverstanden sein, so kann sie eine Beschwerde bei der zust\u00e4ndigen Datenschutzbeh\u00f6rde, der Agencia Espa\u00f1ola de Protecci\u00f3n de Datos (<a href=\"http:\/\/www.aepd.es\" target=\"_blank\" rel=\"noopener\">www.aepd.es<\/a>), einreichen.<\/p><p>\u00a0<\/p><p>Minderj\u00e4hrigendatenschutz<\/p><p>Mit der Zusendung seiner Daten \u00fcber die auf dieser Website angebotenen Formulare erkl\u00e4rt der Nutzer f\u00f6rmlich, im Alter von \u00fcber 14 Jahre zu sein.\u00a0<\/p><p>Der Zugriff auf diese Website und deren Nutzung ist Personen im Alter von unter 14 Jahren ausdr\u00fccklich untersagt.\u00a0<\/p><p>Vollj\u00e4hrige und f\u00fcr minderj\u00e4hrige Kinder verantwortliche Personen werden hiermit daran erinnert, dass allein sie die Verantwortung f\u00fcr die Eingabe von Daten und die Beantragung von Produkten durch die ihnen unterstehenden Minderj\u00e4hrigen tragen. \u00a0\u00a0<\/p><p>Das f\u00fcr die Datenverarbeitung VERANTWORTLICHE Unternehmen weist darauf hin, dass Informatikprogramme verf\u00fcgbar sind, die den Zugriff von Minderj\u00e4hrigen auf bestimmte Inhalte durch entsprechende Navigationsfilter blockieren k\u00f6nnen.\u00a0<\/p><p>\u00a0<\/p><p>\u00a0<\/p><p>Verarbeitung von Daten, die \u00fcber die Nutzung von sozialen Netzwerken erlangt wurden\u00a0<\/p><p>Wenn Sie unserem Profil in den sozialen Netzwerken folgen, haben Sie daf\u00fcr ausdr\u00fccklich die Datenschutzbestimmungen des betreffenden Netzwerks zu akzeptieren. Dar\u00fcber hinaus erteilen Sie dem f\u00fcr die Datenverarbeitung VERANTWORTLICHEN Unternehmen die Erlaubnis, die in Ihrem Profil enthaltenen Daten zu verarbeiten und Werbung f\u00fcr die Produkte dieses Unternehmens an Ihrer Pinnwand zu ver\u00f6ffentlichen. Wenn Sie darum ersuchen, mit uns verbunden zu werden, erteilen Sie damit Ihre Zustimmung zur Verarbeitung Ihrer Daten zu den beschriebenen Zwecken und diese Zustimmung ist die rechtliche Grundlage der Datenverarbeitung. Ihre Daten werden so lange aufbewahrt, bis Sie sich der Aufbewahrung widersetzen oder Ihre Zustimmung zur Datenverarbeitung zur\u00fcckziehen, wozu Sie jederzeit berechtigt sind.\u00a0\u00a0<\/p><p>In den sozialen Netzwerken ver\u00f6ffentlichte Kommentare und Inhalte werden zu \u00f6ffentlichen Informationen. Daher hat der Nutzer besonders achtsam mit den personenbezogenen Daten umzugehen, die er im betreffenen Netzwerk mit anderen Nutzern teilt. Der Inhaber dieser Website \u00fcbernimmt keine Verantwortung f\u00fcr die von den Nutzern eingegebenen Daten. Nichtsdestoweniger k\u00f6nnen die betroffenen Personen, deren Daten auf diesen Seiten ver\u00f6ffentlicht oder in Kommentaren genannt wurden, das f\u00fcr die Datenverarbeitung VERANTWORTLICHE Unternehmen dazu auffordern, ihre Daten zu l\u00f6schen.\u00a0<\/p><p>\u00a0<\/p><p>IMPRESSUM<\/p><p>\u00a0<\/p><p>Identifikation<\/p><p>In Erf\u00fcllung der im Artikel 10 des Gesetzes 34\/2002 vom 11. Juli \u00fcber Dienstleistungen der Informationsgesellschaft und den elektronischen Handel vorgesehenen Bestimmungen informiert Sie 360 CONSULTING PEOPLE, S.L. im Folgenden \u00fcber die Daten des Inhabers der Website \u00a0<a href=\"https:\/\/360consultingpeople.com\/\" target=\"_blank\" rel=\"noopener\">https:\/\/360consultingpeople.com\/<\/a> .<\/p><p>\u00a0<\/p><p>Firmenname: 360 CONSULTING PEOPLE, S.L.<\/p><p>Gesch\u00e4ftssitz: CTRA. ALCALA \u2013 AJALVIR KM. 2.200, ALCAL\u00c1 DE HENARES (28806) MADRID, SPANIEN<\/p><p>Telefon: 910440441<\/p><p>E-Mail: administracion@360consultingpeople.com<\/p><p>Steuernummer (CIF): B88270947<\/p><p>Eintragung im Handelsregister: Band 38498\u00a0\u00a0 Buch: 0\u00a0 Akte: 121\u00a0\u00a0 Abteilung 8\u00a0\u00a0 Blatt: M 684701\u00a0\u00a0 3. Eintragung<\/p><p>\u00a0<\/p><p>Geistiges und gewerbliches Eigentum<\/p><p>Alle Rechte des geistigen und gewerblichen Eigentums an s\u00e4mtlichen Webseitenelementen, einschlie\u00dflich der Handelsmarken, Formate, grafischen Designs, Texte, Bilder und Dateien, sind Eigentum der Firma 360 CONSULTING PEOPLE, S.L. und durch die spanischen und internationalen Rechte zum Schutz des geistigen und gewerblichen Eigentums gesch\u00fctzt. Die Wiedergabe der gesamten Website oder von Teilen derselben bzw. von jedem ihrer Inhalte ohne die ausdr\u00fccklich und schriftlich von \u00a0360 CONSULTING PEOPLE, S.L. erteilte Erlaubnis ist streng verboten.<\/p><p>\u00a0<\/p><p>Die Erlaubnis f\u00fcr den Zugriff auf diese Website kann nicht als Verzicht, \u00dcbertragung, Erteilung einer Lizenz oder Abtretung der besagten Rechte vonseiten 360 CONSULTING PEOPLE, S.L. ausgelegt werden, sofern dieses Unternehmen nicht ausdr\u00fccklich anderslautende Bestimmungen festgesetzt hat. \u00a0\u00a0<\/p><p>\u00a0<\/p><p>Nutzungsbedingungen<\/p><p>Der Zugriff auf diese Webseite setzt voraus, dass diese Nutzungsbedingungen vorbehaltlos akzeptiert wurden. Diese Nutzungsbedingungen regeln die Nutzung und den Zugriff auf unsere Webseite, die wir betreiben, um den Nutzern unsere Produkte und Dienstleistungen anzubieten.\u00a0<\/p><p>Die Nutzung der Inhalte dieser Website zu kommerziellen Zwecken oder zur Weiterverbreitung und \u00f6ffentlichen Bekanntmachung ihrer Inhalte sowie die Umformung derselben ist ausdr\u00fccklich verboten.\u00a0<\/p><p>360 CONSULTING PEOPLE, S.L. \u00fcbernimmt keine Haftung f\u00fcr die Folgen, Sch\u00e4den und Nachteile, die eine solche widerrechtliche Nutzung der Website und der darauf angebotenen Information nach sich ziehen k\u00f6nnte.\u00a0<\/p><p>Daher tr\u00e4gt im Falle einer widerrechtlichen Nutzung der Website und ihrer Inhalte ausschlie\u00dflich jene Person die Verantwortung, die sich dieser Handlung schuldig gemacht hat.\u00a0<\/p><p>Der Nutzer verpflichtet sich, die auf dieser Website ver\u00f6ffentlichte Information nicht zu unrechtm\u00e4\u00dfigen oder gesetzwidrigen Zwecken zu verwenden, keine Sch\u00e4den an den Inhalten der Website zu verursachen, bzw. diese in ihrer Funktionsf\u00e4higkeit einzuschr\u00e4nken und auch sonst keine den in diesem Impressum beschriebenen Bedingungen zuwiderlaufenden Handlungen zu t\u00e4tigen.\u00a0<\/p><p>360 CONSULTING PEOPLE, S.L. kann nicht gew\u00e4hrleisten, dass es nicht zu gelegentlichen Unterbrechungen des Webseitenbetriebs kommen und beim Zugriff auf diese Website Fehler auftreten k\u00f6nnten. Das Unternehmen wird jedoch mit allen ihm zur Verf\u00fcgung stehenden Mitteln versuchen, solche Vorf\u00e4lle zu vermeiden.\u00a0<\/p><p>\u00a0<\/p><p>Links zu anderen Websites<\/p><p>Die auf diesen Seiten aufscheinenden Links zu anderen Websites werden dem Nutzer als besonderer Dienst am Kunden zur Verf\u00fcgung gestellt. Die Seiten, zu denen diese Links f\u00fchren, werden jedoch nicht von der Firma 360 CONSULTING PEOPLE, S.L. betrieben. Daher kann das besagte Unternehmen auch keine Kontrolle \u00fcber die verlinkten Seiten aus\u00fcben und \u00fcbernimmt keine Verantwortung f\u00fcr deren Inhalt. Die verlinkten Seiten unterliegen nicht den in diesem Impressum beschrieben Bestimmungen. Wenn Sie Zugriff auf verlinkte Webseiten aus\u00fcben, bedenken Sie, dass diese ihren eigenen Datenschutzbestimmungen folgen, die mit unseren nicht unbedingt \u00fcbereinstimmen m\u00fcssen.\u00a0<\/p><p>\u00a0<\/p><p>\u00a0<\/p><p>\u00a0<\/p><p>Anwendbare Gesetzgebung und Rechtsprechungszust\u00e4ndigkeit\u00a0<\/p><p>Dieses Impressum richtet sich nach dem geltenden spanischen Recht, das auf diese Website und die hier beschriebenen Bestimmungen anwendbar ist.\u00a0<\/p><p>Der Nutzer unterwirft sich aufgrund seiner Akzeptanz der in diesem Impressum festgesetzten Bedingungen zur Beilegung von Rechtsstreitigkeiten, die sich im Zusammenhang mit diesen Bestimmungen, deren Auslegung, Anwendung und Erf\u00fcllung ergeben k\u00f6nnten, der spanischen Rechtsprechung und verzichtet auf jeden anderen Gerichtsstand, der ihm zustehen k\u00f6nnte.\u00a0<\/p><p>Innerhalb der spanischen Rechtsprechung und soweit die anwendbare Gesetzgebung die Wahl eines bestimmten Gerichtsstandes zul\u00e4sst, unterwerfen sich die Parteien freiwillig der Rechtsprechung durch die Gerichte und Gerichtsh\u00f6fe von MADRID.<\/p>\t\t\t\t\t\t<\/div>\n\t\t\t\t<\/div>\n\t\t\t\t\t<\/div>\n\t\t<\/div>\n\t\t\t\t\t<\/div>\n\t\t<\/section>\n\t\t\t\t<\/div>\n\t\t","protected":false},"excerpt":{"rendered":"<p>DATENSCHUTZERKL\u00c4RUNG In Erf\u00fcllung der Bestimmungen in der VERORDNUNG (EU) 2016\/679 DES EUROP\u00c4ISCHEN PARLAMENTS UND DES RATES vom 27. April 2016 zum Schutz nat\u00fcrlicher Personen bei der Verarbeitung personenbezogener Daten und zum freien Datenverkehr sowie der Bestimmungen im spanischen Organgesetz 3\/2018 vom 5. Dezember \u00fcber den Schutz der personenbezogenen Daten und die Gew\u00e4hrleistung der digitalen Rechte [&hellip;]<\/p>\n","protected":false},"author":4,"featured_media":0,"parent":0,"menu_order":0,"comment_status":"closed","ping_status":"closed","template":"elementor_header_footer","meta":{"footnotes":""},"class_list":["post-4854","page","type-page","status-publish","hentry"],"lang":"de","translations":{"de":4854,"es":1268,"en":5220},"pll_sync_post":[],"_links":{"self":[{"href":"https:\/\/360logisticsservices.com\/index.php?rest_route=\/wp\/v2\/pages\/4854","targetHints":{"allow":["GET"]}}],"collection":[{"href":"https:\/\/360logisticsservices.com\/index.php?rest_route=\/wp\/v2\/pages"}],"about":[{"href":"https:\/\/360logisticsservices.com\/index.php?rest_route=\/wp\/v2\/types\/page"}],"author":[{"embeddable":true,"href":"https:\/\/360logisticsservices.com\/index.php?rest_route=\/wp\/v2\/users\/4"}],"replies":[{"embeddable":true,"href":"https:\/\/360logisticsservices.com\/index.php?rest_route=%2Fwp%2Fv2%2Fcomments&post=4854"}],"version-history":[{"count":4,"href":"https:\/\/360logisticsservices.com\/index.php?rest_route=\/wp\/v2\/pages\/4854\/revisions"}],"predecessor-version":[{"id":4858,"href":"https:\/\/360logisticsservices.com\/index.php?rest_route=\/wp\/v2\/pages\/4854\/revisions\/4858"}],"wp:attachment":[{"href":"https:\/\/360logisticsservices.com\/index.php?rest_route=%2Fwp%2Fv2%2Fmedia&parent=4854"}],"curies":[{"name":"wp","href":"https:\/\/api.w.org\/{rel}","templated":true}]}}