{"id":4818,"date":"2022-02-08T12:08:46","date_gmt":"2022-02-08T12:08:46","guid":{"rendered":"https:\/\/360logisticsservices.com\/?page_id=4818"},"modified":"2022-02-08T12:09:32","modified_gmt":"2022-02-08T12:09:32","slug":"blog-aleman","status":"publish","type":"page","link":"https:\/\/360logisticsservices.com\/?page_id=4818&lang=de","title":{"rendered":"Blog aleman"},"content":{"rendered":"\t\t<div data-elementor-type=\"wp-page\" data-elementor-id=\"4818\" class=\"elementor elementor-4818\" data-elementor-settings=\"{&quot;ha_cmc_init_switcher&quot;:&quot;no&quot;}\">\n\t\t\t\t\t\t<section data-particle_enable=\"false\" data-particle-mobile-disabled=\"false\" class=\"elementor-section elementor-top-section elementor-element elementor-element-7c6237a elementor-section-content-middle elementor-section-height-min-height elementor-section-boxed elementor-section-height-default elementor-section-items-middle\" data-id=\"7c6237a\" data-element_type=\"section\" data-settings=\"{&quot;background_background&quot;:&quot;video&quot;,&quot;background_video_link&quot;:&quot;https:\\\/\\\/360logisticsservices.com\\\/wp-content\\\/uploads\\\/2021\\\/08\\\/video.mp4&quot;,&quot;background_play_on_mobile&quot;:&quot;yes&quot;,&quot;_ha_eqh_enable&quot;:false}\">\n\t\t\t\t\t\t\t\t<div class=\"elementor-background-video-container\">\n\t\t\t\t\t\t\t\t\t\t\t\t\t<video class=\"elementor-background-video-hosted elementor-html5-video\" autoplay muted playsinline loop><\/video>\n\t\t\t\t\t\t\t\t\t\t\t<\/div>\n\t\t\t\t\t\t\t\t\t<div class=\"elementor-background-overlay\"><\/div>\n\t\t\t\t\t\t\t<div class=\"elementor-container elementor-column-gap-default\">\n\t\t\t\t\t<div class=\"elementor-column elementor-col-50 elementor-top-column elementor-element elementor-element-b8d8e1d\" data-id=\"b8d8e1d\" data-element_type=\"column\">\n\t\t\t<div class=\"elementor-widget-wrap elementor-element-populated\">\n\t\t\t\t\t\t<div class=\"elementor-element elementor-element-7bf2917 premium-header-block premium-lq__none premium-box-lq__none elementor-invisible elementor-widget elementor-widget-premium-addon-dual-header\" data-id=\"7bf2917\" data-element_type=\"widget\" data-settings=\"{&quot;_animation&quot;:&quot;fadeInUp&quot;}\" data-widget_type=\"premium-addon-dual-header.default\">\n\t\t\t\t<div class=\"elementor-widget-container\">\n\t\t\t\n\t\t<div class=\"elementor-widget-container\">\n\t\t<div class=\"premium-dual-header-wrapper\">\n\t\t\t\t\t<h2 class=\"premium-dual-header-first-header \"><span class=\"premium-dual-header-first-span\">360 SERVICE LOGISTICS <\/span><span class=\"premium-dual-header-second-header \">BLOG<\/span><\/h2> \t\t\t\t\t\t<\/div>\n\t\t<\/div>\n\n\t\t\t\t<\/div>\n\t\t\t\t<\/div>\n\t\t\t\t<div class=\"elementor-element elementor-element-34114fe elementor-invisible elementor-widget elementor-widget-text-editor\" data-id=\"34114fe\" data-element_type=\"widget\" data-settings=\"{&quot;_animation&quot;:&quot;fadeInUp&quot;}\" data-widget_type=\"text-editor.default\">\n\t\t\t\t<div class=\"elementor-widget-container\">\n\t\t\t\t\t\t\t<div id=\"tw-container\" class=\"\" data-cp=\"1\" data-is-ver=\"false\" data-nnttsvi=\"1\" data-sm=\"1\" data-sugg-time=\"500\" data-sugg-url=\"https:\/\/clients1.google.com\/complete\/search\" data-uilc=\"es\"><div><div><div id=\"tw-ob\" class=\"tw-src-ltr\"><div class=\"oSioSc\"><div id=\"tw-target\"><div id=\"kAz1tf\" class=\"g9WsWb\"><div id=\"tw-target-text-container\" class=\"tw-ta-container F0azHf tw-nfl\" tabindex=\"0\"><pre id=\"tw-target-text\" class=\"tw-data-text tw-text-large tw-ta\" dir=\"ltr\" data-placeholder=\"Traducci\u00f3n\"><span class=\"Y2IQFc\" lang=\"de\">Informieren Sie sich \u00fcber das Neueste in der Welt der Logistik, Lagerung, Crossdoking, Transport,... indem Sie unserem RRSS folgen oder unseren Blog lesen.<\/span><\/pre><\/div><div id=\"tw-target-rmn-container\" class=\"tw-target-rmn tw-ta-container F0azHf tw-nfl\"><pre id=\"tw-target-rmn\" class=\"tw-data-placeholder tw-text-small tw-ta\" dir=\"ltr\" data-placeholder=\"\">\u00a0<\/pre><\/div><div class=\"iYB33c\"><div class=\"dlJLJe\"><div data-cviv=\"false\" data-ved=\"2ahUKEwj94KKxiPD1AhWWgP0HHVzmDgwQz_AEegQIAhAP\"><div class=\"U9URNb\"><img decoding=\"async\" id=\"dimg_3\" class=\"rISBZc zr758c M4dUYb\" src=\"data:image\/png;base64,iVBORw0KGgoAAAANSUhEUgAAABQAAAAUCAQAAAAngNWGAAAA\/0lEQVR4AYXNMSiEcRyA4cfmGHQbCZIipkuxnJgMStlMNmeyD2dwmc8+sZgxYJd9ErIZFHUyYYD7fkr6l4\/rnvmtl7+KitrqV\/fq2Y5eLY3Z9S48eRLe7BmVZ9qhTLhQ0algzZWQOVKSsCF8OjAnwbxDTWFDUhPK\/jMr1H6HE\/IqRky2DyvCefuwItwZzodVoYRiLqMkVCXrwpJ9twZ+sgfDYEFYl8wIWxZ9uFf7zkallxlJh4YrLGsKjZRx7VGHhLqwgFUN45DGdb8MeXGpgB4ABZdeDcpZEY51A+hyLKz4S1W4MQWm3AibWtgWmk6dyISa1pSdyWTOlLXVp0+eL9D\/ZPfBTNanAAAAAElFTkSuQmCC\" alt=\"Icono de Validado por la comunidad\" width=\"16\" height=\"16\" data-atf=\"0\" data-frt=\"0\" \/><\/div><\/div><\/div><div id=\"tw-tmenu\" class=\"tw-menu\">\u00a0<\/div><\/div><\/div><\/div><\/div><\/div><div id=\"tw-images\">\u00a0<\/div><div class=\"dURPtb\">\u00a0<\/div><div><div>\u00a0<\/div><\/div><\/div><\/div><\/div><div class=\"KFFQ0c xKf9F\">\u00a0<\/div>\t\t\t\t\t\t<\/div>\n\t\t\t\t<\/div>\n\t\t\t\t<div class=\"elementor-element elementor-element-9066bbe e-grid-align-left e-grid-align-mobile-center elementor-shape-rounded elementor-grid-0 elementor-widget elementor-widget-social-icons\" data-id=\"9066bbe\" data-element_type=\"widget\" data-widget_type=\"social-icons.default\">\n\t\t\t\t<div class=\"elementor-widget-container\">\n\t\t\t\t\t<div class=\"elementor-social-icons-wrapper elementor-grid\">\n\t\t\t\t\t\t\t<span class=\"elementor-grid-item\">\n\t\t\t\t\t<a class=\"elementor-icon elementor-social-icon elementor-social-icon-linkedin elementor-repeater-item-61f8760\" href=\"https:\/\/www.linkedin.com\/company\/360logisticsservices\/?viewAsMember=true\" target=\"_blank\" rel=\"noopener\">\n\t\t\t\t\t\t<span class=\"elementor-screen-only\">Linkedin<\/span>\n\t\t\t\t\t\t<i class=\"fab fa-linkedin\"><\/i>\t\t\t\t\t<\/a>\n\t\t\t\t<\/span>\n\t\t\t\t\t\t\t<span class=\"elementor-grid-item\">\n\t\t\t\t\t<a class=\"elementor-icon elementor-social-icon elementor-social-icon-instagram elementor-repeater-item-af2c774\" href=\"https:\/\/www.instagram.com\/360logisticsservices\/\" target=\"_blank\" rel=\"noopener\">\n\t\t\t\t\t\t<span class=\"elementor-screen-only\">Instagram<\/span>\n\t\t\t\t\t\t<i class=\"fab fa-instagram\"><\/i>\t\t\t\t\t<\/a>\n\t\t\t\t<\/span>\n\t\t\t\t\t\t\t<span class=\"elementor-grid-item\">\n\t\t\t\t\t<a class=\"elementor-icon elementor-social-icon elementor-social-icon-facebook elementor-repeater-item-6e2c7c1\" href=\"https:\/\/www.facebook.com\/360logisticsservices\" target=\"_blank\" rel=\"noopener\">\n\t\t\t\t\t\t<span class=\"elementor-screen-only\">Facebook<\/span>\n\t\t\t\t\t\t<i class=\"fab fa-facebook\"><\/i>\t\t\t\t\t<\/a>\n\t\t\t\t<\/span>\n\t\t\t\t\t<\/div>\n\t\t\t\t<\/div>\n\t\t\t\t<\/div>\n\t\t\t\t\t<\/div>\n\t\t<\/div>\n\t\t\t\t<div class=\"elementor-column elementor-col-50 elementor-top-column elementor-element elementor-element-585db02 elementor-hidden-mobile\" data-id=\"585db02\" data-element_type=\"column\">\n\t\t\t<div class=\"elementor-widget-wrap\">\n\t\t\t\t\t\t\t<\/div>\n\t\t<\/div>\n\t\t\t\t\t<\/div>\n\t\t<\/section>\n\t\t\t\t<section data-particle_enable=\"false\" data-particle-mobile-disabled=\"false\" class=\"elementor-section elementor-top-section elementor-element elementor-element-a9f166e elementor-section-boxed elementor-section-height-default elementor-section-height-default\" data-id=\"a9f166e\" data-element_type=\"section\" data-settings=\"{&quot;_ha_eqh_enable&quot;:false}\">\n\t\t\t\t\t\t<div class=\"elementor-container elementor-column-gap-default\">\n\t\t\t\t\t<div class=\"elementor-column elementor-col-100 elementor-top-column elementor-element elementor-element-60f4e16\" data-id=\"60f4e16\" data-element_type=\"column\">\n\t\t\t<div class=\"elementor-widget-wrap elementor-element-populated\">\n\t\t\t\t\t\t<div class=\"elementor-element elementor-element-4eb0c86 elementor-grid-3 elementor-grid-tablet-2 elementor-grid-mobile-1 elementor-posts--thumbnail-top elementor-card-shadow-yes elementor-posts__hover-gradient elementor-widget elementor-widget-posts\" data-id=\"4eb0c86\" data-element_type=\"widget\" data-settings=\"{&quot;cards_row_gap&quot;:{&quot;unit&quot;:&quot;px&quot;,&quot;size&quot;:32,&quot;sizes&quot;:[]},&quot;cards_columns&quot;:&quot;3&quot;,&quot;cards_columns_tablet&quot;:&quot;2&quot;,&quot;cards_columns_mobile&quot;:&quot;1&quot;,&quot;cards_row_gap_tablet&quot;:{&quot;unit&quot;:&quot;px&quot;,&quot;size&quot;:&quot;&quot;,&quot;sizes&quot;:[]},&quot;cards_row_gap_mobile&quot;:{&quot;unit&quot;:&quot;px&quot;,&quot;size&quot;:&quot;&quot;,&quot;sizes&quot;:[]}}\" data-widget_type=\"posts.cards\">\n\t\t\t\t<div class=\"elementor-widget-container\">\n\t\t\t\t\t<div class=\"elementor-posts-container elementor-posts elementor-posts--skin-cards elementor-grid\">\n\t\t\t\t<article class=\"elementor-post elementor-grid-item post-5379 post type-post status-publish format-standard has-post-thumbnail hentry category-sin-categoria tag-cross-docking tag-logistica tag-transporte\">\n\t\t\t<div class=\"elementor-post__card\">\n\t\t\t\t<a class=\"elementor-post__thumbnail__link\" href=\"https:\/\/360logisticsservices.com\/?p=5379\"><div class=\"elementor-post__thumbnail\"><img decoding=\"async\" width=\"300\" height=\"122\" src=\"https:\/\/360logisticsservices.com\/wp-content\/uploads\/2022\/03\/hannes-egler-nT4k2JDtwTQ-unsplash-300x122.jpg\" class=\"attachment-medium size-medium wp-image-5417\" alt=\"\u00bfQu\u00e9 es el cross-docking? C\u00f3mo funciona y tipos\" srcset=\"https:\/\/360logisticsservices.com\/wp-content\/uploads\/2022\/03\/hannes-egler-nT4k2JDtwTQ-unsplash-300x122.jpg 300w, https:\/\/360logisticsservices.com\/wp-content\/uploads\/2022\/03\/hannes-egler-nT4k2JDtwTQ-unsplash-1024x416.jpg 1024w, https:\/\/360logisticsservices.com\/wp-content\/uploads\/2022\/03\/hannes-egler-nT4k2JDtwTQ-unsplash-768x312.jpg 768w, https:\/\/360logisticsservices.com\/wp-content\/uploads\/2022\/03\/hannes-egler-nT4k2JDtwTQ-unsplash-1536x624.jpg 1536w, https:\/\/360logisticsservices.com\/wp-content\/uploads\/2022\/03\/hannes-egler-nT4k2JDtwTQ-unsplash-2048x832.jpg 2048w\" sizes=\"(max-width: 300px) 100vw, 300px\" \/><\/div><\/a>\n\t\t\t\t<div class=\"elementor-post__text\">\n\t\t\t\t<h3 class=\"elementor-post__title\">\n\t\t\t<a href=\"https:\/\/360logisticsservices.com\/?p=5379\">\n\t\t\t\t\u00bfQu\u00e9 es el cross-docking? C\u00f3mo funciona y tipos\t\t\t<\/a>\n\t\t<\/h3>\n\t\t\t\t<div class=\"elementor-post__excerpt\">\n\t\t\t<p>El cross-docking es \u00fatil para algunos sectores, pero para otros no es recomendable. Adem\u00e1s, cuenta con una serie de riesgos que pueden perjudicar a la empresa en caso de que sucedan <\/p>\n\t\t<\/div>\n\t\t\n\t\t<a class=\"elementor-post__read-more\" href=\"https:\/\/360logisticsservices.com\/?p=5379\">\n\t\t\tRead More \u00bb\t\t<\/a>\n\n\t\t\t\t<\/div>\n\t\t\t\t\t<\/div>\n\t\t<\/article>\n\t\t\t\t<article class=\"elementor-post elementor-grid-item post-4516 post type-post status-publish format-standard has-post-thumbnail hentry category-sin-categoria tag-incoterms tag-mercancia tag-transporte-internacional\">\n\t\t\t<div class=\"elementor-post__card\">\n\t\t\t\t<a class=\"elementor-post__thumbnail__link\" href=\"https:\/\/360logisticsservices.com\/?p=4516\"><div class=\"elementor-post__thumbnail\"><img decoding=\"async\" width=\"300\" height=\"126\" src=\"https:\/\/360logisticsservices.com\/wp-content\/uploads\/2022\/03\/imagen-post-editada-que-es-el-transporte-internacional-300x126.png\" class=\"attachment-medium size-medium wp-image-4523\" alt=\"transporte internacional de mercanc\u00edas\" srcset=\"https:\/\/360logisticsservices.com\/wp-content\/uploads\/2022\/03\/imagen-post-editada-que-es-el-transporte-internacional-300x126.png 300w, https:\/\/360logisticsservices.com\/wp-content\/uploads\/2022\/03\/imagen-post-editada-que-es-el-transporte-internacional-1024x429.png 1024w, https:\/\/360logisticsservices.com\/wp-content\/uploads\/2022\/03\/imagen-post-editada-que-es-el-transporte-internacional-768x322.png 768w, https:\/\/360logisticsservices.com\/wp-content\/uploads\/2022\/03\/imagen-post-editada-que-es-el-transporte-internacional-1536x643.png 1536w, https:\/\/360logisticsservices.com\/wp-content\/uploads\/2022\/03\/imagen-post-editada-que-es-el-transporte-internacional.png 1920w\" sizes=\"(max-width: 300px) 100vw, 300px\" \/><\/div><\/a>\n\t\t\t\t<div class=\"elementor-post__text\">\n\t\t\t\t<h3 class=\"elementor-post__title\">\n\t\t\t<a href=\"https:\/\/360logisticsservices.com\/?p=4516\">\n\t\t\t\tDescubre todo lo que debes saber sobre el transporte internacional de mercanc\u00edas\t\t\t<\/a>\n\t\t<\/h3>\n\t\t\t\t<div class=\"elementor-post__excerpt\">\n\t\t\t<p>El transporte internacional de mercanc\u00edas consiste en una serie de operaciones para transportar productos de un pa\u00eds a otro<\/p>\n\t\t<\/div>\n\t\t\n\t\t<a class=\"elementor-post__read-more\" href=\"https:\/\/360logisticsservices.com\/?p=4516\">\n\t\t\tRead More \u00bb\t\t<\/a>\n\n\t\t\t\t<\/div>\n\t\t\t\t\t<\/div>\n\t\t<\/article>\n\t\t\t\t<article class=\"elementor-post elementor-grid-item post-4505 post type-post status-publish format-standard has-post-thumbnail hentry category-sin-categoria tag-logistica-inversa tag-reciclaje tag-sostenibilidad\">\n\t\t\t<div class=\"elementor-post__card\">\n\t\t\t\t<a class=\"elementor-post__thumbnail__link\" href=\"https:\/\/360logisticsservices.com\/?p=4505\"><div class=\"elementor-post__thumbnail\"><img loading=\"lazy\" decoding=\"async\" width=\"300\" height=\"126\" src=\"https:\/\/360logisticsservices.com\/wp-content\/uploads\/2022\/02\/imagen-editada-post-que-es-la-logistica-inversa-300x126.jpg\" class=\"attachment-medium size-medium wp-image-4508\" alt=\"log\u00edstica inversa\" srcset=\"https:\/\/360logisticsservices.com\/wp-content\/uploads\/2022\/02\/imagen-editada-post-que-es-la-logistica-inversa-300x126.jpg 300w, https:\/\/360logisticsservices.com\/wp-content\/uploads\/2022\/02\/imagen-editada-post-que-es-la-logistica-inversa-1024x429.jpg 1024w, https:\/\/360logisticsservices.com\/wp-content\/uploads\/2022\/02\/imagen-editada-post-que-es-la-logistica-inversa-768x322.jpg 768w, https:\/\/360logisticsservices.com\/wp-content\/uploads\/2022\/02\/imagen-editada-post-que-es-la-logistica-inversa-1536x643.jpg 1536w, https:\/\/360logisticsservices.com\/wp-content\/uploads\/2022\/02\/imagen-editada-post-que-es-la-logistica-inversa.jpg 1920w\" sizes=\"(max-width: 300px) 100vw, 300px\" \/><\/div><\/a>\n\t\t\t\t<div class=\"elementor-post__text\">\n\t\t\t\t<h3 class=\"elementor-post__title\">\n\t\t\t<a href=\"https:\/\/360logisticsservices.com\/?p=4505\">\n\t\t\t\t\u00bfQu\u00e9 es la log\u00edstica inversa? Descubre sus ventajas\t\t\t<\/a>\n\t\t<\/h3>\n\t\t\t\t<div class=\"elementor-post__excerpt\">\n\t\t\t<p>La log\u00edstica inversa es el proceso contrato a la log\u00edstica tradicional <\/p>\n\t\t<\/div>\n\t\t\n\t\t<a class=\"elementor-post__read-more\" href=\"https:\/\/360logisticsservices.com\/?p=4505\">\n\t\t\tRead More \u00bb\t\t<\/a>\n\n\t\t\t\t<\/div>\n\t\t\t\t\t<\/div>\n\t\t<\/article>\n\t\t\t\t<article class=\"elementor-post elementor-grid-item post-4484 post type-post status-publish format-standard has-post-thumbnail hentry category-sin-categoria tag-cadena-de-suministro tag-logistica tag-logistica-integral\">\n\t\t\t<div class=\"elementor-post__card\">\n\t\t\t\t<a class=\"elementor-post__thumbnail__link\" href=\"https:\/\/360logisticsservices.com\/?p=4484\"><div class=\"elementor-post__thumbnail\"><img loading=\"lazy\" decoding=\"async\" width=\"300\" height=\"126\" src=\"https:\/\/360logisticsservices.com\/wp-content\/uploads\/2022\/01\/imagen-editada-post-que-es-la-logistica-integral-300x126.jpg\" class=\"attachment-medium size-medium wp-image-4485\" alt=\"log\u00edstica integral\" srcset=\"https:\/\/360logisticsservices.com\/wp-content\/uploads\/2022\/01\/imagen-editada-post-que-es-la-logistica-integral-300x126.jpg 300w, https:\/\/360logisticsservices.com\/wp-content\/uploads\/2022\/01\/imagen-editada-post-que-es-la-logistica-integral-1024x429.jpg 1024w, https:\/\/360logisticsservices.com\/wp-content\/uploads\/2022\/01\/imagen-editada-post-que-es-la-logistica-integral-768x322.jpg 768w, https:\/\/360logisticsservices.com\/wp-content\/uploads\/2022\/01\/imagen-editada-post-que-es-la-logistica-integral-1536x643.jpg 1536w, https:\/\/360logisticsservices.com\/wp-content\/uploads\/2022\/01\/imagen-editada-post-que-es-la-logistica-integral.jpg 1920w\" sizes=\"(max-width: 300px) 100vw, 300px\" \/><\/div><\/a>\n\t\t\t\t<div class=\"elementor-post__text\">\n\t\t\t\t<h3 class=\"elementor-post__title\">\n\t\t\t<a href=\"https:\/\/360logisticsservices.com\/?p=4484\">\n\t\t\t\t\u00bfQu\u00e9 es la log\u00edstica integral y por qu\u00e9 es tan necesaria?\t\t\t<\/a>\n\t\t<\/h3>\n\t\t\t\t<div class=\"elementor-post__excerpt\">\n\t\t\t<p>La log\u00edstica integral es un m\u00e9todo que mejora los procesos log\u00edsticos de una empresa Para implementarla hay que tener en cuenta una serie de factores<\/p>\n\t\t<\/div>\n\t\t\n\t\t<a class=\"elementor-post__read-more\" href=\"https:\/\/360logisticsservices.com\/?p=4484\">\n\t\t\tRead More \u00bb\t\t<\/a>\n\n\t\t\t\t<\/div>\n\t\t\t\t\t<\/div>\n\t\t<\/article>\n\t\t\t\t<\/div>\n\n\n\t\t\n\t\t\t\t<\/div>\n\t\t\t\t<\/div>\n\t\t\t\t\t<\/div>\n\t\t<\/div>\n\t\t\t\t\t<\/div>\n\t\t<\/section>\n\t\t\t\t<\/div>\n\t\t","protected":false},"excerpt":{"rendered":"<p>360 SERVICE LOGISTICS BLOG Informieren Sie sich \u00fcber das Neueste in der Welt der Logistik, Lagerung, Crossdoking, Transport,&#8230; indem Sie unserem RRSS folgen oder unseren Blog lesen. \u00a0 \u00a0\u00a0\u00a0\u00a0\u00a0 Linkedin Instagram Facebook<\/p>\n","protected":false},"author":4,"featured_media":0,"parent":0,"menu_order":0,"comment_status":"closed","ping_status":"closed","template":"elementor_header_footer","meta":{"footnotes":""},"class_list":["post-4818","page","type-page","status-publish","hentry"],"lang":"de","translations":{"de":4818,"es":1502},"pll_sync_post":[],"_links":{"self":[{"href":"https:\/\/360logisticsservices.com\/index.php?rest_route=\/wp\/v2\/pages\/4818","targetHints":{"allow":["GET"]}}],"collection":[{"href":"https:\/\/360logisticsservices.com\/index.php?rest_route=\/wp\/v2\/pages"}],"about":[{"href":"https:\/\/360logisticsservices.com\/index.php?rest_route=\/wp\/v2\/types\/page"}],"author":[{"embeddable":true,"href":"https:\/\/360logisticsservices.com\/index.php?rest_route=\/wp\/v2\/users\/4"}],"replies":[{"embeddable":true,"href":"https:\/\/360logisticsservices.com\/index.php?rest_route=%2Fwp%2Fv2%2Fcomments&post=4818"}],"version-history":[{"count":7,"href":"https:\/\/360logisticsservices.com\/index.php?rest_route=\/wp\/v2\/pages\/4818\/revisions"}],"predecessor-version":[{"id":4825,"href":"https:\/\/360logisticsservices.com\/index.php?rest_route=\/wp\/v2\/pages\/4818\/revisions\/4825"}],"wp:attachment":[{"href":"https:\/\/360logisticsservices.com\/index.php?rest_route=%2Fwp%2Fv2%2Fmedia&parent=4818"}],"curies":[{"name":"wp","href":"https:\/\/api.w.org\/{rel}","templated":true}]}}