{"id":4542,"date":"2022-02-04T09:53:15","date_gmt":"2022-02-04T09:53:15","guid":{"rendered":"https:\/\/360logisticsservices.com\/?page_id=4542"},"modified":"2024-03-20T17:09:12","modified_gmt":"2024-03-20T16:09:12","slug":"politica-de-calidad","status":"publish","type":"page","link":"https:\/\/360logisticsservices.com\/?page_id=4542","title":{"rendered":"Pol\u00edtica de Calidad"},"content":{"rendered":"\t\t<div data-elementor-type=\"wp-page\" data-elementor-id=\"4542\" class=\"elementor elementor-4542\" data-elementor-settings=\"{&quot;ha_cmc_init_switcher&quot;:&quot;no&quot;}\">\n\t\t\t\t\t\t<section data-particle_enable=\"false\" data-particle-mobile-disabled=\"false\" class=\"elementor-section elementor-top-section elementor-element elementor-element-25365a8 elementor-reverse-tablet elementor-reverse-mobile elementor-section-full_width elementor-section-height-default elementor-section-height-default\" data-id=\"25365a8\" data-element_type=\"section\" data-settings=\"{&quot;background_background&quot;:&quot;classic&quot;,&quot;_ha_eqh_enable&quot;:false}\">\n\t\t\t\t\t\t\t<div class=\"elementor-background-overlay\"><\/div>\n\t\t\t\t\t\t\t<div class=\"elementor-container elementor-column-gap-default\">\n\t\t\t\t\t<div class=\"elementor-column elementor-col-100 elementor-top-column elementor-element elementor-element-e4d3558\" data-id=\"e4d3558\" data-element_type=\"column\">\n\t\t\t<div class=\"elementor-widget-wrap elementor-element-populated\">\n\t\t\t\t\t\t<div class=\"elementor-element elementor-element-4dd81f1 elementor-widget elementor-widget-heading\" data-id=\"4dd81f1\" data-element_type=\"widget\" data-widget_type=\"heading.default\">\n\t\t\t\t<div class=\"elementor-widget-container\">\n\t\t\t<h1 class=\"elementor-heading-title elementor-size-default\">POL\u00cdTICA DE CALIDAD<\/h1>\t\t<\/div>\n\t\t\t\t<\/div>\n\t\t\t\t\t<\/div>\n\t\t<\/div>\n\t\t\t\t\t<\/div>\n\t\t<\/section>\n\t\t\t\t<section data-particle_enable=\"false\" data-particle-mobile-disabled=\"false\" class=\"elementor-section elementor-top-section elementor-element elementor-element-12b30c7 elementor-section-content-middle elementor-section-boxed elementor-section-height-default elementor-section-height-default\" data-id=\"12b30c7\" data-element_type=\"section\" data-settings=\"{&quot;_ha_eqh_enable&quot;:false}\">\n\t\t\t\t\t\t<div class=\"elementor-container elementor-column-gap-no\">\n\t\t\t\t\t<div class=\"elementor-column elementor-col-50 elementor-top-column elementor-element elementor-element-cb41ed6\" data-id=\"cb41ed6\" data-element_type=\"column\">\n\t\t\t<div class=\"elementor-widget-wrap elementor-element-populated\">\n\t\t\t\t\t\t<div class=\"elementor-element elementor-element-ca05002 elementor-invisible elementor-widget elementor-widget-text-editor\" data-id=\"ca05002\" data-element_type=\"widget\" data-settings=\"{&quot;_animation&quot;:&quot;fadeInUp&quot;}\" data-widget_type=\"text-editor.default\">\n\t\t\t\t<div class=\"elementor-widget-container\">\n\t\t\t\t\t\t\t<p>360 LOGISTICS SERVICES<\/p>\t\t\t\t\t\t<\/div>\n\t\t\t\t<\/div>\n\t\t\t\t<div class=\"elementor-element elementor-element-1583ea2 elementor-invisible elementor-widget elementor-widget-heading\" data-id=\"1583ea2\" data-element_type=\"widget\" data-settings=\"{&quot;_animation&quot;:&quot;fadeInUp&quot;}\" data-widget_type=\"heading.default\">\n\t\t\t\t<div class=\"elementor-widget-container\">\n\t\t\t<h3 class=\"elementor-heading-title elementor-size-default\">COMPROMETIDOS <b>CON NUESTROS SERVICIOS<\/b>\n<\/h3>\t\t<\/div>\n\t\t\t\t<\/div>\n\t\t\t\t<div class=\"elementor-element elementor-element-befa85a elementor-widget-divider--view-line elementor-invisible elementor-widget elementor-widget-divider\" data-id=\"befa85a\" data-element_type=\"widget\" data-settings=\"{&quot;_animation&quot;:&quot;fadeInUp&quot;}\" data-widget_type=\"divider.default\">\n\t\t\t\t<div class=\"elementor-widget-container\">\n\t\t\t\t\t<div class=\"elementor-divider\">\n\t\t\t<span class=\"elementor-divider-separator\">\n\t\t\t\t\t\t<\/span>\n\t\t<\/div>\n\t\t\t\t<\/div>\n\t\t\t\t<\/div>\n\t\t\t\t<div class=\"elementor-element elementor-element-4d7e29d elementor-widget elementor-widget-text-editor\" data-id=\"4d7e29d\" data-element_type=\"widget\" data-widget_type=\"text-editor.default\">\n\t\t\t\t<div class=\"elementor-widget-container\">\n\t\t\t\t\t\t\t<p>360 CONSULTING PEOPLE es una <strong>empresa de gesti\u00f3n almacenaje y log\u00edstica<\/strong> con vocaci\u00f3n de servicio personalizado. Los profesionales que trabajan en la empresa cuentan con una amplia <strong>experiencia en el sector de almacenamiento y log\u00edstica, transportes<\/strong> nacionales e internacionales.<\/p><p>En 360 CONSULTING PEOPLE queremos darle mayor valor al punto estrat\u00e9gico en la planificaci\u00f3n de soluciones de almacenamiento y log\u00edstica y ofrecer valor a\u00f1adido, maximizando la eficacia y rentabilidad. Para ellos apostamos por una serie de premisas imprescindibles en la empresa:<\/p>\t\t\t\t\t\t<\/div>\n\t\t\t\t<\/div>\n\t\t\t\t<div class=\"elementor-element elementor-element-18383e3 elementor-align-left elementor-list-item-link-full_width elementor-invisible elementor-widget elementor-widget-icon-list\" data-id=\"18383e3\" data-element_type=\"widget\" data-settings=\"{&quot;_animation&quot;:&quot;fadeInUp&quot;,&quot;_animation_delay&quot;:1}\" data-widget_type=\"icon-list.default\">\n\t\t\t\t<div class=\"elementor-widget-container\">\n\t\t\t\t\t<ul class=\"elementor-icon-list-items\">\n\t\t\t\t\t\t\t<li class=\"elementor-icon-list-item\">\n\t\t\t\t\t\t\t\t\t\t\t<span class=\"elementor-icon-list-icon\">\n\t\t\t\t\t\t\t<i aria-hidden=\"true\" class=\"fas fa-check-circle\"><\/i>\t\t\t\t\t\t<\/span>\n\t\t\t\t\t\t\t\t\t\t<span class=\"elementor-icon-list-text\">360 CONSULTING PEOPLE apuesta por la calidad.<\/span>\n\t\t\t\t\t\t\t\t\t<\/li>\n\t\t\t\t\t\t\t\t<li class=\"elementor-icon-list-item\">\n\t\t\t\t\t\t\t\t\t\t\t<span class=\"elementor-icon-list-icon\">\n\t\t\t\t\t\t\t<i aria-hidden=\"true\" class=\"fas fa-check-circle\"><\/i>\t\t\t\t\t\t<\/span>\n\t\t\t\t\t\t\t\t\t\t<span class=\"elementor-icon-list-text\">A trav\u00e9s del conocimiento, planificamos y aplicamos las estrategias de almacenamiento y log\u00edstica para su empresa.<\/span>\n\t\t\t\t\t\t\t\t\t<\/li>\n\t\t\t\t\t\t\t\t<li class=\"elementor-icon-list-item\">\n\t\t\t\t\t\t\t\t\t\t\t<span class=\"elementor-icon-list-icon\">\n\t\t\t\t\t\t\t<i aria-hidden=\"true\" class=\"fas fa-check-circle\"><\/i>\t\t\t\t\t\t<\/span>\n\t\t\t\t\t\t\t\t\t\t<span class=\"elementor-icon-list-text\">Ofrecemos la m\u00e1xima rentabilidad y calidad de servicio.<\/span>\n\t\t\t\t\t\t\t\t\t<\/li>\n\t\t\t\t\t\t<\/ul>\n\t\t\t\t<\/div>\n\t\t\t\t<\/div>\n\t\t\t\t\t<\/div>\n\t\t<\/div>\n\t\t\t\t<div class=\"elementor-column elementor-col-50 elementor-top-column elementor-element elementor-element-01f0024\" data-id=\"01f0024\" data-element_type=\"column\">\n\t\t\t<div class=\"elementor-widget-wrap elementor-element-populated\">\n\t\t\t\t\t\t<div class=\"elementor-element elementor-element-2f9a6f6 elementor-invisible elementor-widget elementor-widget-image\" data-id=\"2f9a6f6\" data-element_type=\"widget\" data-settings=\"{&quot;_animation&quot;:&quot;fadeInUp&quot;}\" data-widget_type=\"image.default\">\n\t\t\t\t<div class=\"elementor-widget-container\">\n\t\t\t\t\t\t\t\t\t\t\t\t\t<img fetchpriority=\"high\" decoding=\"async\" width=\"1829\" height=\"2560\" src=\"https:\/\/360logisticsservices.com\/wp-content\/uploads\/2021\/11\/AdobeStock_318804189-copia-scaled.jpg\" class=\"attachment-full size-full wp-image-3911\" alt=\"Cross Doking | Pol\u00edtica de calidad 360 logistics services | QUALIT\u00c4TSPOLITIK\" srcset=\"https:\/\/360logisticsservices.com\/wp-content\/uploads\/2021\/11\/AdobeStock_318804189-copia-scaled.jpg 1829w, https:\/\/360logisticsservices.com\/wp-content\/uploads\/2021\/11\/AdobeStock_318804189-copia-214x300.jpg 214w, https:\/\/360logisticsservices.com\/wp-content\/uploads\/2021\/11\/AdobeStock_318804189-copia-731x1024.jpg 731w, https:\/\/360logisticsservices.com\/wp-content\/uploads\/2021\/11\/AdobeStock_318804189-copia-768x1075.jpg 768w, https:\/\/360logisticsservices.com\/wp-content\/uploads\/2021\/11\/AdobeStock_318804189-copia-1097x1536.jpg 1097w, https:\/\/360logisticsservices.com\/wp-content\/uploads\/2021\/11\/AdobeStock_318804189-copia-1463x2048.jpg 1463w\" sizes=\"(max-width: 1829px) 100vw, 1829px\" \/>\t\t\t\t\t\t\t\t\t\t\t\t\t<\/div>\n\t\t\t\t<\/div>\n\t\t\t\t\t<\/div>\n\t\t<\/div>\n\t\t\t\t\t<\/div>\n\t\t<\/section>\n\t\t\t\t<section data-particle_enable=\"false\" data-particle-mobile-disabled=\"false\" class=\"elementor-section elementor-top-section elementor-element elementor-element-14e1e94 elementor-section-content-middle elementor-section-boxed elementor-section-height-default elementor-section-height-default\" data-id=\"14e1e94\" data-element_type=\"section\" data-settings=\"{&quot;background_background&quot;:&quot;classic&quot;,&quot;_ha_eqh_enable&quot;:false}\">\n\t\t\t\t\t\t\t<div class=\"elementor-background-overlay\"><\/div>\n\t\t\t\t\t\t\t<div class=\"elementor-container elementor-column-gap-no\">\n\t\t\t\t\t<div class=\"elementor-column elementor-col-50 elementor-top-column elementor-element elementor-element-d8fc161\" data-id=\"d8fc161\" data-element_type=\"column\">\n\t\t\t<div class=\"elementor-widget-wrap\">\n\t\t\t\t\t\t\t<\/div>\n\t\t<\/div>\n\t\t\t\t<div class=\"elementor-column elementor-col-50 elementor-top-column elementor-element elementor-element-9ae1529\" data-id=\"9ae1529\" data-element_type=\"column\" data-settings=\"{&quot;background_background&quot;:&quot;classic&quot;,&quot;background_motion_fx_motion_fx_scrolling&quot;:&quot;yes&quot;,&quot;background_motion_fx_opacity_effect&quot;:&quot;yes&quot;,&quot;background_motion_fx_opacity_level&quot;:{&quot;unit&quot;:&quot;px&quot;,&quot;size&quot;:1,&quot;sizes&quot;:[]},&quot;background_motion_fx_blur_effect&quot;:&quot;yes&quot;,&quot;background_motion_fx_blur_direction&quot;:&quot;in-out-in&quot;,&quot;background_motion_fx_blur_range&quot;:{&quot;unit&quot;:&quot;%&quot;,&quot;size&quot;:&quot;&quot;,&quot;sizes&quot;:{&quot;start&quot;:0,&quot;end&quot;:100}},&quot;motion_fx_motion_fx_scrolling&quot;:&quot;yes&quot;,&quot;background_motion_fx_opacity_direction&quot;:&quot;out-in&quot;,&quot;background_motion_fx_opacity_range&quot;:{&quot;unit&quot;:&quot;%&quot;,&quot;size&quot;:&quot;&quot;,&quot;sizes&quot;:{&quot;start&quot;:20,&quot;end&quot;:80}},&quot;background_motion_fx_blur_level&quot;:{&quot;unit&quot;:&quot;px&quot;,&quot;size&quot;:7,&quot;sizes&quot;:[]},&quot;background_motion_fx_devices&quot;:[&quot;desktop&quot;,&quot;tablet&quot;,&quot;mobile&quot;],&quot;motion_fx_devices&quot;:[&quot;desktop&quot;,&quot;tablet&quot;,&quot;mobile&quot;]}\">\n\t\t\t<div class=\"elementor-widget-wrap elementor-element-populated\">\n\t\t\t\t\t\t<div class=\"elementor-element elementor-element-ffca6fb elementor-invisible elementor-widget elementor-widget-text-editor\" data-id=\"ffca6fb\" data-element_type=\"widget\" data-settings=\"{&quot;_animation&quot;:&quot;fadeInUp&quot;}\" data-widget_type=\"text-editor.default\">\n\t\t\t\t<div class=\"elementor-widget-container\">\n\t\t\t\t\t\t\t<p>SERVICIOS 360<\/p>\t\t\t\t\t\t<\/div>\n\t\t\t\t<\/div>\n\t\t\t\t<div class=\"elementor-element elementor-element-bb2b72e elementor-invisible elementor-widget elementor-widget-heading\" data-id=\"bb2b72e\" data-element_type=\"widget\" data-settings=\"{&quot;_animation&quot;:&quot;fadeInUp&quot;}\" data-widget_type=\"heading.default\">\n\t\t\t\t<div class=\"elementor-widget-container\">\n\t\t\t<h3 class=\"elementor-heading-title elementor-size-default\">MEJORA <b>CONTINUA<\/b>\n<\/h3>\t\t<\/div>\n\t\t\t\t<\/div>\n\t\t\t\t<div class=\"elementor-element elementor-element-6ca7d9c elementor-widget-divider--view-line elementor-invisible elementor-widget elementor-widget-divider\" data-id=\"6ca7d9c\" data-element_type=\"widget\" data-settings=\"{&quot;_animation&quot;:&quot;fadeInUp&quot;}\" data-widget_type=\"divider.default\">\n\t\t\t\t<div class=\"elementor-widget-container\">\n\t\t\t\t\t<div class=\"elementor-divider\">\n\t\t\t<span class=\"elementor-divider-separator\">\n\t\t\t\t\t\t<\/span>\n\t\t<\/div>\n\t\t\t\t<\/div>\n\t\t\t\t<\/div>\n\t\t\t\t<div class=\"elementor-element elementor-element-f39304b elementor-widget elementor-widget-text-editor\" data-id=\"f39304b\" data-element_type=\"widget\" data-widget_type=\"text-editor.default\">\n\t\t\t\t<div class=\"elementor-widget-container\">\n\t\t\t\t\t\t\t<p>Para ofrecer este servicio de calidad, 360 CONSULTING PEOPLE se apoya en un personal competente y cualificado, anticip\u00e1ndose a las necesidades de los clientes, proporcionando un servicio de m\u00e1xima calidad, cumpliendo con los requisitos legales y otros requisitos. Nuestro objetivo final es obtener la plena confianza de nuestros clientes. Todas estas medidas se encuentran consolidadas mediante una implicaci\u00f3n por parte de la Direcci\u00f3n para su implementaci\u00f3n y mantenimiento a fin de establecer un compromiso de mejora continua.<\/p><p>Nuestra Pol\u00edtica se basa en un sistema de calidad conforme a la Norma ISO 9001:2015, como garant\u00eda de satisfacci\u00f3n consciente de las necesidades y expectativas de los usuarios y dem\u00e1s partes interesadas.<\/p><p>Todo ello se realiza bas\u00e1ndonos en la mejora continua, la sensibilizaci\u00f3n y formaci\u00f3n del personal.<\/p><p>Esta pol\u00edtica, que se encuentra a disposici\u00f3n del p\u00fablico, se revisa para asegurar su continua adecuaci\u00f3n y constituye el marco para la definici\u00f3n de los objetivos empresariales.<\/p>\t\t\t\t\t\t<\/div>\n\t\t\t\t<\/div>\n\t\t\t\t<div class=\"elementor-element elementor-element-9d7b519 elementor-align-left elementor-mobile-align-center animated-fast elementor-invisible elementor-widget elementor-widget-button\" data-id=\"9d7b519\" data-element_type=\"widget\" data-settings=\"{&quot;_animation&quot;:&quot;fadeInUp&quot;}\" data-widget_type=\"button.default\">\n\t\t\t\t<div class=\"elementor-widget-container\">\n\t\t\t\t\t<div class=\"elementor-button-wrapper\">\n\t\t\t<a class=\"elementor-button elementor-button-link elementor-size-xl elementor-animation-float\" href=\"https:\/\/360logisticsservices.com\/wp-content\/uploads\/2022\/06\/360_consulting_c_spa_qm_22.pdf\" target=\"_blank\">\n\t\t\t\t\t\t<span class=\"elementor-button-content-wrapper\">\n\t\t\t\t\t\t<span class=\"elementor-button-icon elementor-align-icon-right\">\n\t\t\t\t<i aria-hidden=\"true\" class=\"fas fa-trophy\"><\/i>\t\t\t<\/span>\n\t\t\t\t\t\t<span class=\"elementor-button-text\">Certificado ISO 9001<\/span>\n\t\t<\/span>\n\t\t\t\t\t<\/a>\n\t\t<\/div>\n\t\t\t\t<\/div>\n\t\t\t\t<\/div>\n\t\t\t\t\t<\/div>\n\t\t<\/div>\n\t\t\t\t\t<\/div>\n\t\t<\/section>\n\t\t\t\t<\/div>\n\t\t","protected":false},"excerpt":{"rendered":"<p>POL\u00cdTICA DE CALIDAD 360 LOGISTICS SERVICES COMPROMETIDOS CON NUESTROS SERVICIOS 360 CONSULTING PEOPLE es una empresa de gesti\u00f3n almacenaje y log\u00edstica con vocaci\u00f3n de servicio personalizado. Los profesionales que trabajan en la empresa cuentan con una amplia experiencia en el sector de almacenamiento y log\u00edstica, transportes nacionales e internacionales. En 360 CONSULTING PEOPLE queremos darle [&hellip;]<\/p>\n","protected":false},"author":4,"featured_media":0,"parent":0,"menu_order":0,"comment_status":"closed","ping_status":"closed","template":"elementor_header_footer","meta":{"footnotes":""},"class_list":["post-4542","page","type-page","status-publish","hentry"],"lang":"es","translations":{"de":4871,"es":4542,"en":5225},"pll_sync_post":[],"_links":{"self":[{"href":"https:\/\/360logisticsservices.com\/index.php?rest_route=\/wp\/v2\/pages\/4542","targetHints":{"allow":["GET"]}}],"collection":[{"href":"https:\/\/360logisticsservices.com\/index.php?rest_route=\/wp\/v2\/pages"}],"about":[{"href":"https:\/\/360logisticsservices.com\/index.php?rest_route=\/wp\/v2\/types\/page"}],"author":[{"embeddable":true,"href":"https:\/\/360logisticsservices.com\/index.php?rest_route=\/wp\/v2\/users\/4"}],"replies":[{"embeddable":true,"href":"https:\/\/360logisticsservices.com\/index.php?rest_route=%2Fwp%2Fv2%2Fcomments&post=4542"}],"version-history":[{"count":20,"href":"https:\/\/360logisticsservices.com\/index.php?rest_route=\/wp\/v2\/pages\/4542\/revisions"}],"predecessor-version":[{"id":5888,"href":"https:\/\/360logisticsservices.com\/index.php?rest_route=\/wp\/v2\/pages\/4542\/revisions\/5888"}],"wp:attachment":[{"href":"https:\/\/360logisticsservices.com\/index.php?rest_route=%2Fwp%2Fv2%2Fmedia&parent=4542"}],"curies":[{"name":"wp","href":"https:\/\/api.w.org\/{rel}","templated":true}]}}