{"id":3,"date":"2021-07-09T13:16:09","date_gmt":"2021-07-09T13:16:09","guid":{"rendered":"http:\/\/360logisticsservices.com\/?page_id=3"},"modified":"2021-08-09T14:11:15","modified_gmt":"2021-08-09T14:11:15","slug":"politica-de-cookies","status":"publish","type":"page","link":"https:\/\/360logisticsservices.com\/?page_id=3","title":{"rendered":"pol\u00edtica de cookies"},"content":{"rendered":"\t\t<div data-elementor-type=\"wp-page\" data-elementor-id=\"3\" class=\"elementor elementor-3\" data-elementor-settings=\"{&quot;ha_cmc_init_switcher&quot;:&quot;no&quot;}\">\n\t\t\t\t\t\t<section data-particle_enable=\"false\" data-particle-mobile-disabled=\"false\" class=\"elementor-section elementor-top-section elementor-element elementor-element-25365a8 elementor-reverse-tablet elementor-reverse-mobile elementor-section-full_width elementor-section-height-default elementor-section-height-default\" data-id=\"25365a8\" data-element_type=\"section\" data-settings=\"{&quot;background_background&quot;:&quot;classic&quot;,&quot;_ha_eqh_enable&quot;:false}\">\n\t\t\t\t\t\t\t<div class=\"elementor-background-overlay\"><\/div>\n\t\t\t\t\t\t\t<div class=\"elementor-container elementor-column-gap-default\">\n\t\t\t\t\t<div class=\"elementor-column elementor-col-100 elementor-top-column elementor-element elementor-element-e4d3558\" data-id=\"e4d3558\" data-element_type=\"column\">\n\t\t\t<div class=\"elementor-widget-wrap elementor-element-populated\">\n\t\t\t\t\t\t<div class=\"elementor-element elementor-element-4dd81f1 elementor-widget elementor-widget-heading\" data-id=\"4dd81f1\" data-element_type=\"widget\" data-widget_type=\"heading.default\">\n\t\t\t\t<div class=\"elementor-widget-container\">\n\t\t\t<h1 class=\"elementor-heading-title elementor-size-default\">POL\u00cdTICA DE COOKIES<\/h1>\t\t<\/div>\n\t\t\t\t<\/div>\n\t\t\t\t\t<\/div>\n\t\t<\/div>\n\t\t\t\t\t<\/div>\n\t\t<\/section>\n\t\t\t\t<section data-particle_enable=\"false\" data-particle-mobile-disabled=\"false\" class=\"elementor-section elementor-top-section elementor-element elementor-element-5d46280 elementor-section-boxed elementor-section-height-default elementor-section-height-default\" data-id=\"5d46280\" data-element_type=\"section\" data-settings=\"{&quot;_ha_eqh_enable&quot;:false}\">\n\t\t\t\t\t\t<div class=\"elementor-container elementor-column-gap-default\">\n\t\t\t\t\t<div class=\"elementor-column elementor-col-100 elementor-top-column elementor-element elementor-element-b517c6d\" data-id=\"b517c6d\" data-element_type=\"column\">\n\t\t\t<div class=\"elementor-widget-wrap elementor-element-populated\">\n\t\t\t\t\t\t<div class=\"elementor-element elementor-element-4d7e29d elementor-widget elementor-widget-text-editor\" data-id=\"4d7e29d\" data-element_type=\"widget\" data-widget_type=\"text-editor.default\">\n\t\t\t\t<div class=\"elementor-widget-container\">\n\t\t\t\t\t\t\t<p><strong>DEFINICI\u00d3N Y FUNCI\u00d3N DE LAS COOKIES<\/strong><\/p><p>Una cookie es un fichero que se descarga en su ordenador al acceder a determinadas p\u00e1ginas web. Las cookies permiten a una p\u00e1gina web, entre otras cosas, almacenar y recuperar informaci\u00f3n sobre los h\u00e1bitos de navegaci\u00f3n de un usuario o de su equipo y, dependiendo de la informaci\u00f3n que contengan y de la forma en que utilice su equipo, pueden utilizarse para reconocer al usuario.<\/p><p>Este sitio web, al igual que la mayor\u00eda de los sitios en Internet, utiliza Cookies para mejorar y optimizar la experiencia del usuario. A continuaci\u00f3n, encontrar\u00e1 informaci\u00f3n detallada sobre la tipolog\u00eda de Cookies que utiliza este sitio web, sobre c\u00f3mo puede desactivarlas en su navegador y de c\u00f3mo bloquear espec\u00edficamente la instalaci\u00f3n de Cookies de terceros.<\/p><p><strong>TIPO DE COOKIES QUE UTILIZA LA P\u00c1GINA WEB Y SU FINALIDAD<\/strong><\/p><p>De funcionamiento. Estas cookies permiten la navegaci\u00f3n a trav\u00e9s de la web y la utilizaci\u00f3n de las diferentes opciones o servicios que se prestan. Tambi\u00e9n se utilizan para mejorar su experiencia de navegaci\u00f3n y para optimizar el funcionamiento de nuestra p\u00e1gina. Almacenan configuraciones de servicios para que el usuario no tenga que reconfigurarlos cada vez que nos visita.<br \/>Anal\u00edticas. Estas cookies se utilizan para recoger informaci\u00f3n sobre el uso de nuestro sitio web por parte de los visitantes. Utilizamos la informaci\u00f3n para elaborar informes y para mejorar el sitio. Estas cookies se asocian \u00fanicamente a un usuario an\u00f3nimo y a su ordenador\/dispositivo sin proporcionar referencias que permitan conocer datos personales. Recogen el n\u00famero de visitantes al sitio, el tiempo que duran las visitas, el navegador, el tipo de terminal, el lugar de procedencia de los visitantes y las p\u00e1ginas visitadas.<\/p><p>El uso de Cookies nos permite facilitar la navegaci\u00f3n del usuario y adaptar la informaci\u00f3n y los servicios que ofrecemos a sus intereses.<\/p><p>Las cookies se usan tanto de modo permanente como temporal (cookies de sesi\u00f3n). Las cookies permanentes se almacenan en su ordenador o dispositivo m\u00f3vil durante un periodo de tiempo no superior a 24 meses.<\/p><p>Usamos cookies propias y de terceros para recopilar datos estad\u00edsticos de forma agregada a trav\u00e9s de los datos que nos proporciona su utilizaci\u00f3n.<\/p><p><strong>TRATAMIENTO DE LAS COOKIES<\/strong><\/p><p>La informaci\u00f3n obtenida del tratamiento de las cookies es tratada por\u00a0 360 CONSULTING PEOPLE S.L.<br \/>QU\u00c9 OCURRE SI SE DESHABILITAN LAS COOKIES<\/p><p>En todo momento podr\u00e1 acceder a la configuraci\u00f3n de su navegador para modificar y\/o bloquear la instalaci\u00f3n de las Cookies, pero ello puede implicar que algunas funcionalidades queden deshabilitadas y que pueda verse limitado el acceso a algunos contenidos. La calidad del funcionamiento de los servicios puede verse afectada.<br \/><strong>FORMA DE DESACTIVAR O ELIMINAR LAS COOKIES<\/strong><\/p><p>Para permitir, conocer, bloquear o eliminar las cookies instaladas en su equipo, puede hacerlo mediante la configuraci\u00f3n de las opciones del navegador instalado en su ordenador.<br \/>Puede encontrar informaci\u00f3n de c\u00f3mo hacerlo en el caso que utilice uno de los siguientes navegadores:<br \/>Internet Explorer: privacidad microsoft<br \/>Safari: privacidad apple Support apple<\/p><p>Google Chrome: Support google<\/p><p>Google: Privacidad google<\/p><p>Firefox: Support Microsoft<\/p><p>Opera: Cookies opera<\/p><p>Android (Google): Pol\u00edtica google<\/p><p>Windows Phone (Microsoft): Privacidad microsoft<\/p><p>Blackberry: Blackberry<\/p><p>Tambi\u00e9n puedes eliminar f\u00e1cilmente las cookies de tu ordenador o dispositivo m\u00f3vil mediante el uso de tu navegador. Para obtener indicaciones de c\u00f3mo gestionar y eliminar las cookies, dir\u00edjase a la pesta\u00f1a \u201cAyuda\u201d de su navegador. Podr\u00e1s desactivar las cookies o recibir una notificaci\u00f3n cada vez que se env\u00eda una nueva cookie a tu ordenador o dispositivo m\u00f3vil.<br \/>Existen herramientas disponibles online, que permiten a los usuarios detectar las cookies en cada sitio web que visitan y gestionar su desactivaci\u00f3n (por ejemplo)<\/p><p>Ghostery: Privacidad, Gosthery<\/p><p><strong>ACTUALIZACI\u00d3N DE NUESTRA POL\u00cdTICA DE COOKIES<\/strong><\/p><p>Es posible que actualicemos la Pol\u00edtica de Cookies de nuestro Sitio Web, por ello le recomendamos revisar esta pol\u00edtica cada vez que acceda a nuestro Sitio Web con el objetivo de estar adecuadamente informado sobre c\u00f3mo y para qu\u00e9 usamos las cookies. Tengan en cuenta que los navegadores pueden tambi\u00e9n cambiar sus pol\u00edticas y la ubicaci\u00f3n de la informaci\u00f3n.<br \/>La Pol\u00edtica de Cookies se actualiz\u00f3 por \u00faltima el 21 de JULIO de 2021.<\/p>\t\t\t\t\t\t<\/div>\n\t\t\t\t<\/div>\n\t\t\t\t\t<\/div>\n\t\t<\/div>\n\t\t\t\t\t<\/div>\n\t\t<\/section>\n\t\t\t\t<\/div>\n\t\t","protected":false},"excerpt":{"rendered":"<p>POL\u00cdTICA DE COOKIES DEFINICI\u00d3N Y FUNCI\u00d3N DE LAS COOKIES Una cookie es un fichero que se descarga en su ordenador al acceder a determinadas p\u00e1ginas web. Las cookies permiten a una p\u00e1gina web, entre otras cosas, almacenar y recuperar informaci\u00f3n sobre los h\u00e1bitos de navegaci\u00f3n de un usuario o de su equipo y, dependiendo de [&hellip;]<\/p>\n","protected":false},"author":2,"featured_media":0,"parent":0,"menu_order":0,"comment_status":"closed","ping_status":"closed","template":"elementor_header_footer","meta":{"footnotes":""},"class_list":["post-3","page","type-page","status-publish","hentry"],"lang":"es","translations":{"de":4859,"es":3,"en":5215},"pll_sync_post":[],"_links":{"self":[{"href":"https:\/\/360logisticsservices.com\/index.php?rest_route=\/wp\/v2\/pages\/3","targetHints":{"allow":["GET"]}}],"collection":[{"href":"https:\/\/360logisticsservices.com\/index.php?rest_route=\/wp\/v2\/pages"}],"about":[{"href":"https:\/\/360logisticsservices.com\/index.php?rest_route=\/wp\/v2\/types\/page"}],"author":[{"embeddable":true,"href":"https:\/\/360logisticsservices.com\/index.php?rest_route=\/wp\/v2\/users\/2"}],"replies":[{"embeddable":true,"href":"https:\/\/360logisticsservices.com\/index.php?rest_route=%2Fwp%2Fv2%2Fcomments&post=3"}],"version-history":[{"count":16,"href":"https:\/\/360logisticsservices.com\/index.php?rest_route=\/wp\/v2\/pages\/3\/revisions"}],"predecessor-version":[{"id":1410,"href":"https:\/\/360logisticsservices.com\/index.php?rest_route=\/wp\/v2\/pages\/3\/revisions\/1410"}],"wp:attachment":[{"href":"https:\/\/360logisticsservices.com\/index.php?rest_route=%2Fwp%2Fv2%2Fmedia&parent=3"}],"curies":[{"name":"wp","href":"https:\/\/api.w.org\/{rel}","templated":true}]}}